{"id":997,"date":"2025-07-26T17:04:57","date_gmt":"2025-07-26T15:04:57","guid":{"rendered":"https:\/\/melic-creations.fr\/?post_type=product&#038;p=997"},"modified":"2025-07-26T17:11:58","modified_gmt":"2025-07-26T15:11:58","slug":"valentina","status":"publish","type":"product","link":"https:\/\/melic-creations.fr\/index.php\/produit\/valentina\/","title":{"rendered":"Valentina"},"content":{"rendered":"<p>sac a dos enfant<\/p>\n<p>id\u00e9al pour la rentr\u00e9e des petits<\/p>\n<p>ouverture \u00e0 rabat\u00a0 , couture \u00e9lastiqu\u00e9e extensible \u00e0 l&rsquo;int\u00e9rieur ultra pratique<\/p>\n","protected":false},"excerpt":{"rendered":"<p>sac a dos enfant id\u00e9al pour la rentr\u00e9e des petits ouverture \u00e0 rabat\u00a0 , couture \u00e9lastiqu\u00e9e extensible \u00e0 l&rsquo;int\u00e9rieur ultra pratique<\/p>\n","protected":false},"featured_media":998,"template":"","meta":[],"product_cat":[16,31,27,30],"product_tag":[],"class_list":{"0":"post-997","1":"product","2":"type-product","3":"status-publish","4":"has-post-thumbnail","6":"product_cat-non-classe","7":"product_cat-cartable-maternelle","8":"product_cat-enfant","9":"product_cat-sac-a-dos","11":"first","12":"instock","13":"shipping-taxable","14":"purchasable","15":"product-type-simple"},"jetpack_sharing_enabled":true,"_links":{"self":[{"href":"https:\/\/melic-creations.fr\/index.php\/wp-json\/wp\/v2\/product\/997","targetHints":{"allow":["GET"]}}],"collection":[{"href":"https:\/\/melic-creations.fr\/index.php\/wp-json\/wp\/v2\/product"}],"about":[{"href":"https:\/\/melic-creations.fr\/index.php\/wp-json\/wp\/v2\/types\/product"}],"wp:featuredmedia":[{"embeddable":true,"href":"https:\/\/melic-creations.fr\/index.php\/wp-json\/wp\/v2\/media\/998"}],"wp:attachment":[{"href":"https:\/\/melic-creations.fr\/index.php\/wp-json\/wp\/v2\/media?parent=997"}],"wp:term":[{"taxonomy":"product_cat","embeddable":true,"href":"https:\/\/melic-creations.fr\/index.php\/wp-json\/wp\/v2\/product_cat?post=997"},{"taxonomy":"product_tag","embeddable":true,"href":"https:\/\/melic-creations.fr\/index.php\/wp-json\/wp\/v2\/product_tag?post=997"}],"curies":[{"name":"wp","href":"https:\/\/api.w.org\/{rel}","templated":true}]}}