{"id":973,"date":"2025-06-08T01:33:20","date_gmt":"2025-06-07T23:33:20","guid":{"rendered":"https:\/\/melic-creations.fr\/?post_type=product&#038;p=973"},"modified":"2026-03-14T16:29:03","modified_gmt":"2026-03-14T15:29:03","slug":"flore-2","status":"publish","type":"product","link":"https:\/\/melic-creations.fr\/index.php\/produit\/flore-2\/","title":{"rendered":"Flore"},"content":{"rendered":"<p>sac Flore<\/p>\n<p>en exclusivit\u00e9<\/p>\n<p>prix de d\u00e9marrage produit<\/p>\n<p>Cabas ext\u00e9rieur fleurit int\u00e9rieur coton uni avec une poche plaqu\u00e9 ,1 accroche clef<\/p>\n<p>fermeture avec une pression<\/p>\n<p>Taille 54cm x 35 cm<\/p>\n","protected":false},"excerpt":{"rendered":"<p>sac Flore en exclusivit\u00e9 prix de d\u00e9marrage produit Cabas ext\u00e9rieur fleurit int\u00e9rieur coton uni avec une poche plaqu\u00e9 ,1 accroche clef fermeture avec une pression Taille 54cm x 35 cm<\/p>\n","protected":false},"featured_media":974,"template":"","meta":[],"product_cat":[16,52,33],"product_tag":[],"class_list":{"0":"post-973","1":"product","2":"type-product","3":"status-publish","4":"has-post-thumbnail","6":"product_cat-non-classe","7":"product_cat-sac-flore","8":"product_cat-sacs","10":"first","11":"instock","12":"shipping-taxable","13":"purchasable","14":"product-type-simple"},"jetpack_sharing_enabled":true,"_links":{"self":[{"href":"https:\/\/melic-creations.fr\/index.php\/wp-json\/wp\/v2\/product\/973","targetHints":{"allow":["GET"]}}],"collection":[{"href":"https:\/\/melic-creations.fr\/index.php\/wp-json\/wp\/v2\/product"}],"about":[{"href":"https:\/\/melic-creations.fr\/index.php\/wp-json\/wp\/v2\/types\/product"}],"wp:featuredmedia":[{"embeddable":true,"href":"https:\/\/melic-creations.fr\/index.php\/wp-json\/wp\/v2\/media\/974"}],"wp:attachment":[{"href":"https:\/\/melic-creations.fr\/index.php\/wp-json\/wp\/v2\/media?parent=973"}],"wp:term":[{"taxonomy":"product_cat","embeddable":true,"href":"https:\/\/melic-creations.fr\/index.php\/wp-json\/wp\/v2\/product_cat?post=973"},{"taxonomy":"product_tag","embeddable":true,"href":"https:\/\/melic-creations.fr\/index.php\/wp-json\/wp\/v2\/product_tag?post=973"}],"curies":[{"name":"wp","href":"https:\/\/api.w.org\/{rel}","templated":true}]}}