{"id":930,"date":"2025-06-08T00:27:40","date_gmt":"2025-06-07T22:27:40","guid":{"rendered":"https:\/\/melic-creations.fr\/?post_type=product&#038;p=930"},"modified":"2025-06-10T14:23:27","modified_gmt":"2025-06-10T12:23:27","slug":"930","status":"publish","type":"product","link":"https:\/\/melic-creations.fr\/index.php\/produit\/930\/","title":{"rendered":""},"content":{"rendered":"<p>porte monnaie<\/p>\n<p>ext\u00e9rieur lin beige , int\u00e9rieur fleurs bleus<\/p>\n<p>fermeture \u00e9claire bronze<\/p>\n<p>&nbsp;<\/p>\n<p>Taille 15*9cm<\/p>\n","protected":false},"excerpt":{"rendered":"<p>porte monnaie ext\u00e9rieur lin beige , int\u00e9rieur fleurs bleus fermeture \u00e9claire bronze &nbsp; Taille 15*9cm<\/p>\n","protected":false},"featured_media":927,"template":"","meta":[],"product_cat":[16,40,43],"product_tag":[],"class_list":{"0":"post-930","1":"product","2":"type-product","3":"status-publish","4":"has-post-thumbnail","6":"product_cat-non-classe","7":"product_cat-accessoires","8":"product_cat-porte-monnaie","10":"first","11":"outofstock","12":"shipping-taxable","13":"purchasable","14":"product-type-simple"},"jetpack_sharing_enabled":true,"_links":{"self":[{"href":"https:\/\/melic-creations.fr\/index.php\/wp-json\/wp\/v2\/product\/930","targetHints":{"allow":["GET"]}}],"collection":[{"href":"https:\/\/melic-creations.fr\/index.php\/wp-json\/wp\/v2\/product"}],"about":[{"href":"https:\/\/melic-creations.fr\/index.php\/wp-json\/wp\/v2\/types\/product"}],"wp:featuredmedia":[{"embeddable":true,"href":"https:\/\/melic-creations.fr\/index.php\/wp-json\/wp\/v2\/media\/927"}],"wp:attachment":[{"href":"https:\/\/melic-creations.fr\/index.php\/wp-json\/wp\/v2\/media?parent=930"}],"wp:term":[{"taxonomy":"product_cat","embeddable":true,"href":"https:\/\/melic-creations.fr\/index.php\/wp-json\/wp\/v2\/product_cat?post=930"},{"taxonomy":"product_tag","embeddable":true,"href":"https:\/\/melic-creations.fr\/index.php\/wp-json\/wp\/v2\/product_tag?post=930"}],"curies":[{"name":"wp","href":"https:\/\/api.w.org\/{rel}","templated":true}]}}