{"id":874,"date":"2025-04-15T18:50:25","date_gmt":"2025-04-15T16:50:25","guid":{"rendered":"https:\/\/melic-creations.fr\/?post_type=product&#038;p=874"},"modified":"2026-03-15T17:36:59","modified_gmt":"2026-03-15T16:36:59","slug":"summer-2","status":"publish","type":"product","link":"https:\/\/melic-creations.fr\/index.php\/produit\/summer-2\/","title":{"rendered":"Summer jaune"},"content":{"rendered":"<p>Banana taille S<\/p>\n<p>collection summer jaune<\/p>\n<p>toujours avec une poche zipp\u00e9e \u00e0 l&rsquo;int\u00e9rieure et une accroche clefs<\/p>\n<p><strong>possible commande d\u00e9lai de cr\u00e9ations sous 4-5 semaines<\/strong><\/p>\n","protected":false},"excerpt":{"rendered":"<p>Banana taille S collection summer jaune toujours avec une poche zipp\u00e9e \u00e0 l&rsquo;int\u00e9rieure et une accroche clefs possible commande d\u00e9lai de cr\u00e9ations sous 4-5 semaines<\/p>\n","protected":false},"featured_media":976,"template":"","meta":[],"product_cat":[19,22],"product_tag":[],"class_list":{"0":"post-874","1":"product","2":"type-product","3":"status-publish","4":"has-post-thumbnail","6":"product_cat-bananes","7":"product_cat-bananes-taille-s","9":"first","10":"instock","11":"sold-individually","12":"shipping-taxable","13":"purchasable","14":"product-type-simple"},"jetpack_sharing_enabled":true,"_links":{"self":[{"href":"https:\/\/melic-creations.fr\/index.php\/wp-json\/wp\/v2\/product\/874","targetHints":{"allow":["GET"]}}],"collection":[{"href":"https:\/\/melic-creations.fr\/index.php\/wp-json\/wp\/v2\/product"}],"about":[{"href":"https:\/\/melic-creations.fr\/index.php\/wp-json\/wp\/v2\/types\/product"}],"wp:featuredmedia":[{"embeddable":true,"href":"https:\/\/melic-creations.fr\/index.php\/wp-json\/wp\/v2\/media\/976"}],"wp:attachment":[{"href":"https:\/\/melic-creations.fr\/index.php\/wp-json\/wp\/v2\/media?parent=874"}],"wp:term":[{"taxonomy":"product_cat","embeddable":true,"href":"https:\/\/melic-creations.fr\/index.php\/wp-json\/wp\/v2\/product_cat?post=874"},{"taxonomy":"product_tag","embeddable":true,"href":"https:\/\/melic-creations.fr\/index.php\/wp-json\/wp\/v2\/product_tag?post=874"}],"curies":[{"name":"wp","href":"https:\/\/api.w.org\/{rel}","templated":true}]}}