{"id":821,"date":"2025-03-03T09:16:56","date_gmt":"2025-03-03T08:16:56","guid":{"rendered":"https:\/\/melic-creations.fr\/?post_type=product&#038;p=821"},"modified":"2026-03-14T16:39:18","modified_gmt":"2026-03-14T15:39:18","slug":"821","status":"publish","type":"product","link":"https:\/\/melic-creations.fr\/index.php\/produit\/821\/","title":{"rendered":""},"content":{"rendered":"<p>Sac SUN<\/p>\n<p>dimension : 50x38cm<\/p>\n<p>accroche porte monnaie \u00e0 l&rsquo;int\u00e9rieure , poche zipp\u00e9e et accroche clefs \u00e0 l&rsquo;int\u00e9rieur de celle ci . tout est pr\u00e9vue pour une vir\u00e9e tranquille<\/p>\n<p>si produit en stock livraison en 5 jours ouvr\u00e9s ( ici Sun disponible )<\/p>\n<p>&nbsp;<\/p>\n<p>&nbsp;<\/p>\n<p>s<strong>i en rupture de stock commande possible avec un d\u00e9lai de cr\u00e9ation de 5 semaines<\/strong><\/p>\n<p>&#8211;&gt;personnalisation MUM ou SUN au choix<\/p>\n","protected":false},"excerpt":{"rendered":"<p>&nbsp;<\/p>\n<p>&nbsp;<\/p>\n","protected":false},"featured_media":822,"template":"","meta":[],"product_cat":[16,52,35,33],"product_tag":[],"class_list":{"0":"post-821","1":"product","2":"type-product","3":"status-publish","4":"has-post-thumbnail","6":"product_cat-non-classe","7":"product_cat-sac-flore","8":"product_cat-sac-weekend","9":"product_cat-sacs","11":"first","12":"instock","13":"sold-individually","14":"shipping-taxable","15":"purchasable","16":"product-type-simple"},"jetpack_sharing_enabled":true,"_links":{"self":[{"href":"https:\/\/melic-creations.fr\/index.php\/wp-json\/wp\/v2\/product\/821","targetHints":{"allow":["GET"]}}],"collection":[{"href":"https:\/\/melic-creations.fr\/index.php\/wp-json\/wp\/v2\/product"}],"about":[{"href":"https:\/\/melic-creations.fr\/index.php\/wp-json\/wp\/v2\/types\/product"}],"wp:featuredmedia":[{"embeddable":true,"href":"https:\/\/melic-creations.fr\/index.php\/wp-json\/wp\/v2\/media\/822"}],"wp:attachment":[{"href":"https:\/\/melic-creations.fr\/index.php\/wp-json\/wp\/v2\/media?parent=821"}],"wp:term":[{"taxonomy":"product_cat","embeddable":true,"href":"https:\/\/melic-creations.fr\/index.php\/wp-json\/wp\/v2\/product_cat?post=821"},{"taxonomy":"product_tag","embeddable":true,"href":"https:\/\/melic-creations.fr\/index.php\/wp-json\/wp\/v2\/product_tag?post=821"}],"curies":[{"name":"wp","href":"https:\/\/api.w.org\/{rel}","templated":true}]}}