{"id":695,"date":"2025-01-06T16:54:55","date_gmt":"2025-01-06T15:54:55","guid":{"rendered":"https:\/\/melic-creations.fr\/?post_type=product&#038;p=695"},"modified":"2025-08-26T22:21:54","modified_gmt":"2025-08-26T20:21:54","slug":"bi-mat","status":"publish","type":"product","link":"https:\/\/melic-creations.fr\/index.php\/produit\/bi-mat\/","title":{"rendered":"bi-mat Ana\u00e9"},"content":{"rendered":"<p>D\u00e9lai de cr\u00e9ation 5 semaines<\/p>\n<p>&nbsp;<\/p>\n<p>Banane bi-mati\u00e8re avec une partie en coton l\u00e9o et une partie en similie cuir noir .<\/p>\n<p>dimension 37*19cm<\/p>\n<p>&nbsp;<\/p>\n<p>toujours avec une poche incluse \u00e0 l&rsquo;int\u00e9rieur et une accroche clef<\/p>\n","protected":false},"excerpt":{"rendered":"<p>D\u00e9lai de cr\u00e9ation 5 semaines &nbsp; Banane bi-mati\u00e8re avec une partie en coton l\u00e9o et une partie en similie cuir noir . dimension 37*19cm &nbsp; toujours avec une poche incluse \u00e0 l&rsquo;int\u00e9rieur et une accroche clef<\/p>\n","protected":false},"featured_media":679,"template":"","meta":[],"product_cat":[19,22],"product_tag":[],"class_list":{"0":"post-695","1":"product","2":"type-product","3":"status-publish","4":"has-post-thumbnail","6":"product_cat-bananes","7":"product_cat-bananes-taille-s","9":"first","10":"onbackorder","11":"sold-individually","12":"shipping-taxable","13":"purchasable","14":"product-type-simple"},"jetpack_sharing_enabled":true,"_links":{"self":[{"href":"https:\/\/melic-creations.fr\/index.php\/wp-json\/wp\/v2\/product\/695","targetHints":{"allow":["GET"]}}],"collection":[{"href":"https:\/\/melic-creations.fr\/index.php\/wp-json\/wp\/v2\/product"}],"about":[{"href":"https:\/\/melic-creations.fr\/index.php\/wp-json\/wp\/v2\/types\/product"}],"wp:featuredmedia":[{"embeddable":true,"href":"https:\/\/melic-creations.fr\/index.php\/wp-json\/wp\/v2\/media\/679"}],"wp:attachment":[{"href":"https:\/\/melic-creations.fr\/index.php\/wp-json\/wp\/v2\/media?parent=695"}],"wp:term":[{"taxonomy":"product_cat","embeddable":true,"href":"https:\/\/melic-creations.fr\/index.php\/wp-json\/wp\/v2\/product_cat?post=695"},{"taxonomy":"product_tag","embeddable":true,"href":"https:\/\/melic-creations.fr\/index.php\/wp-json\/wp\/v2\/product_tag?post=695"}],"curies":[{"name":"wp","href":"https:\/\/api.w.org\/{rel}","templated":true}]}}