{"id":600,"date":"2025-01-03T15:21:47","date_gmt":"2025-01-03T14:21:47","guid":{"rendered":"https:\/\/melic-creations.fr\/?post_type=product&#038;p=600"},"modified":"2026-01-07T17:00:43","modified_gmt":"2026-01-07T16:00:43","slug":"sequins-dores","status":"publish","type":"product","link":"https:\/\/melic-creations.fr\/index.php\/produit\/sequins-dores\/","title":{"rendered":"Sequins dor\u00e9s"},"content":{"rendered":"<p>d\u00e9lai de cr\u00e9ation 3-4\u00a0 semaines<\/p>\n<p>&nbsp;<\/p>\n<p>toujours une poche incluse et une accroche clefs<\/p>\n","protected":false},"excerpt":{"rendered":"<p>d\u00e9lai de cr\u00e9ation 3-4\u00a0 semaines &nbsp; toujours une poche incluse et une accroche clefs<\/p>\n","protected":false},"featured_media":583,"template":"","meta":[],"product_cat":[19,22],"product_tag":[],"class_list":{"0":"post-600","1":"product","2":"type-product","3":"status-publish","4":"has-post-thumbnail","6":"product_cat-bananes","7":"product_cat-bananes-taille-s","9":"first","10":"onbackorder","11":"shipping-taxable","12":"purchasable","13":"product-type-simple"},"jetpack_sharing_enabled":true,"_links":{"self":[{"href":"https:\/\/melic-creations.fr\/index.php\/wp-json\/wp\/v2\/product\/600","targetHints":{"allow":["GET"]}}],"collection":[{"href":"https:\/\/melic-creations.fr\/index.php\/wp-json\/wp\/v2\/product"}],"about":[{"href":"https:\/\/melic-creations.fr\/index.php\/wp-json\/wp\/v2\/types\/product"}],"wp:featuredmedia":[{"embeddable":true,"href":"https:\/\/melic-creations.fr\/index.php\/wp-json\/wp\/v2\/media\/583"}],"wp:attachment":[{"href":"https:\/\/melic-creations.fr\/index.php\/wp-json\/wp\/v2\/media?parent=600"}],"wp:term":[{"taxonomy":"product_cat","embeddable":true,"href":"https:\/\/melic-creations.fr\/index.php\/wp-json\/wp\/v2\/product_cat?post=600"},{"taxonomy":"product_tag","embeddable":true,"href":"https:\/\/melic-creations.fr\/index.php\/wp-json\/wp\/v2\/product_tag?post=600"}],"curies":[{"name":"wp","href":"https:\/\/api.w.org\/{rel}","templated":true}]}}