{"id":592,"date":"2025-01-03T15:06:40","date_gmt":"2025-01-03T14:06:40","guid":{"rendered":"https:\/\/melic-creations.fr\/?post_type=product&#038;p=592"},"modified":"2026-03-14T16:41:41","modified_gmt":"2026-03-14T15:41:41","slug":"sequin-dore","status":"publish","type":"product","link":"https:\/\/melic-creations.fr\/index.php\/produit\/sequin-dore\/","title":{"rendered":"Sequin dor\u00e9"},"content":{"rendered":"<p>D\u00e9lai de cr\u00e9ation 3-4 semaines<\/p>\n<p>&nbsp;<\/p>\n<p>En sequin dor\u00e9 , cette banane taille enfant va ravir la jeune fille qui l&rsquo;a portera .<\/p>\n<p>Pratique elle dispose d&rsquo;une poche \u00e0 fermeture zipp\u00e9e et d&rsquo;une accroche clef comme toutes les bananes M\u00e9liC<\/p>\n","protected":false},"excerpt":{"rendered":"<p>D\u00e9lai de cr\u00e9ation 3-4 semaines &nbsp; En sequin dor\u00e9 , cette banane taille enfant va ravir la jeune fille qui l&rsquo;a portera . Pratique elle dispose d&rsquo;une poche \u00e0 fermeture zipp\u00e9e et d&rsquo;une accroche clef comme toutes les bananes M\u00e9liC<\/p>\n","protected":false},"featured_media":580,"template":"","meta":[],"product_cat":[28,27],"product_tag":[],"class_list":{"0":"post-592","1":"product","2":"type-product","3":"status-publish","4":"has-post-thumbnail","6":"product_cat-banane","7":"product_cat-enfant","9":"first","10":"onbackorder","11":"sold-individually","12":"shipping-taxable","13":"purchasable","14":"product-type-simple"},"jetpack_sharing_enabled":true,"_links":{"self":[{"href":"https:\/\/melic-creations.fr\/index.php\/wp-json\/wp\/v2\/product\/592","targetHints":{"allow":["GET"]}}],"collection":[{"href":"https:\/\/melic-creations.fr\/index.php\/wp-json\/wp\/v2\/product"}],"about":[{"href":"https:\/\/melic-creations.fr\/index.php\/wp-json\/wp\/v2\/types\/product"}],"wp:featuredmedia":[{"embeddable":true,"href":"https:\/\/melic-creations.fr\/index.php\/wp-json\/wp\/v2\/media\/580"}],"wp:attachment":[{"href":"https:\/\/melic-creations.fr\/index.php\/wp-json\/wp\/v2\/media?parent=592"}],"wp:term":[{"taxonomy":"product_cat","embeddable":true,"href":"https:\/\/melic-creations.fr\/index.php\/wp-json\/wp\/v2\/product_cat?post=592"},{"taxonomy":"product_tag","embeddable":true,"href":"https:\/\/melic-creations.fr\/index.php\/wp-json\/wp\/v2\/product_tag?post=592"}],"curies":[{"name":"wp","href":"https:\/\/api.w.org\/{rel}","templated":true}]}}