{"id":590,"date":"2025-01-03T14:59:52","date_gmt":"2025-01-03T13:59:52","guid":{"rendered":"https:\/\/melic-creations.fr\/?post_type=product&#038;p=590"},"modified":"2025-08-26T22:22:44","modified_gmt":"2025-08-26T20:22:44","slug":"anae","status":"publish","type":"product","link":"https:\/\/melic-creations.fr\/index.php\/produit\/anae\/","title":{"rendered":"Ana\u00e9"},"content":{"rendered":"<p>D\u00e9lai de cr\u00e9ation 5 semaines<\/p>\n<p>Affirmez votre style avec cette banane au motif audacieux et tendance , parfaite pour une touche leopard et chic . interieur et sangle en coton noir , elle s&rsquo;adaptera \u00e0 toute vos tenues .<\/p>\n<p>Pratique elle dispose d&rsquo;une poche \u00e0 fermeture zipp\u00e9e et d&rsquo;une accroche clef comme toutes les bananes M\u00e9liC<\/p>\n","protected":false},"excerpt":{"rendered":"<p>D\u00e9lai de cr\u00e9ation 5 semaines Affirmez votre style avec cette banane au motif audacieux et tendance , parfaite pour une touche leopard et chic . interieur et sangle en coton noir , elle s&rsquo;adaptera \u00e0 toute vos tenues . Pratique elle dispose d&rsquo;une poche \u00e0 fermeture zipp\u00e9e et d&rsquo;une accroche clef comme toutes les bananes [&hellip;]<\/p>\n","protected":false},"featured_media":582,"template":"","meta":[],"product_cat":[19,22],"product_tag":[],"class_list":{"0":"post-590","1":"product","2":"type-product","3":"status-publish","4":"has-post-thumbnail","6":"product_cat-bananes","7":"product_cat-bananes-taille-s","9":"first","10":"onbackorder","11":"sold-individually","12":"shipping-taxable","13":"purchasable","14":"product-type-simple"},"jetpack_sharing_enabled":true,"_links":{"self":[{"href":"https:\/\/melic-creations.fr\/index.php\/wp-json\/wp\/v2\/product\/590","targetHints":{"allow":["GET"]}}],"collection":[{"href":"https:\/\/melic-creations.fr\/index.php\/wp-json\/wp\/v2\/product"}],"about":[{"href":"https:\/\/melic-creations.fr\/index.php\/wp-json\/wp\/v2\/types\/product"}],"wp:featuredmedia":[{"embeddable":true,"href":"https:\/\/melic-creations.fr\/index.php\/wp-json\/wp\/v2\/media\/582"}],"wp:attachment":[{"href":"https:\/\/melic-creations.fr\/index.php\/wp-json\/wp\/v2\/media?parent=590"}],"wp:term":[{"taxonomy":"product_cat","embeddable":true,"href":"https:\/\/melic-creations.fr\/index.php\/wp-json\/wp\/v2\/product_cat?post=590"},{"taxonomy":"product_tag","embeddable":true,"href":"https:\/\/melic-creations.fr\/index.php\/wp-json\/wp\/v2\/product_tag?post=590"}],"curies":[{"name":"wp","href":"https:\/\/api.w.org\/{rel}","templated":true}]}}