{"id":551,"date":"2025-01-02T23:13:07","date_gmt":"2025-01-02T22:13:07","guid":{"rendered":"https:\/\/melic-creations.fr\/?post_type=product&#038;p=551"},"modified":"2025-03-19T17:32:40","modified_gmt":"2025-03-19T16:32:40","slug":"sac-chloe-week-end","status":"publish","type":"product","link":"https:\/\/melic-creations.fr\/index.php\/produit\/sac-chloe-week-end\/","title":{"rendered":"Sac Chlo\u00e9 (week-end)"},"content":{"rendered":"<p>pens\u00e9 pour allier douceur et praticit\u00e9 , le sac weekend m\u00eale le charme du velours c\u00f4tel\u00e9 \u00e0 la fraicheur d&rsquo;un imprim\u00e9 fleuri . Ses anses en coton , solides et confortables , permettent un port facile et agr\u00e9able id\u00e9al pour toutes vos escapades .<\/p>\n<p>cr\u00e9e avec passion et minutie , ce sac est bien plus qu&rsquo;un simple accessoire<\/p>\n<p>sa poche zipp\u00e9e \u00e0 l&rsquo;avant offre un espace pratique pour garder vos petits essentiels \u00e0 port\u00e9e de main .<\/p>\n","protected":false},"excerpt":{"rendered":"<p>cr\u00e9e avec passion et minutie , ce sac est bien plus qu&rsquo;un simple accessoire&#8230;<\/p>\n","protected":false},"featured_media":558,"template":"","meta":[],"product_cat":[35,33],"product_tag":[],"class_list":{"0":"post-551","1":"product","2":"type-product","3":"status-publish","4":"has-post-thumbnail","6":"product_cat-sac-weekend","7":"product_cat-sacs","9":"first","10":"outofstock","11":"shipping-taxable","12":"purchasable","13":"product-type-simple"},"jetpack_sharing_enabled":true,"_links":{"self":[{"href":"https:\/\/melic-creations.fr\/index.php\/wp-json\/wp\/v2\/product\/551","targetHints":{"allow":["GET"]}}],"collection":[{"href":"https:\/\/melic-creations.fr\/index.php\/wp-json\/wp\/v2\/product"}],"about":[{"href":"https:\/\/melic-creations.fr\/index.php\/wp-json\/wp\/v2\/types\/product"}],"wp:featuredmedia":[{"embeddable":true,"href":"https:\/\/melic-creations.fr\/index.php\/wp-json\/wp\/v2\/media\/558"}],"wp:attachment":[{"href":"https:\/\/melic-creations.fr\/index.php\/wp-json\/wp\/v2\/media?parent=551"}],"wp:term":[{"taxonomy":"product_cat","embeddable":true,"href":"https:\/\/melic-creations.fr\/index.php\/wp-json\/wp\/v2\/product_cat?post=551"},{"taxonomy":"product_tag","embeddable":true,"href":"https:\/\/melic-creations.fr\/index.php\/wp-json\/wp\/v2\/product_tag?post=551"}],"curies":[{"name":"wp","href":"https:\/\/api.w.org\/{rel}","templated":true}]}}