{"id":485,"date":"2025-01-01T21:15:59","date_gmt":"2025-01-01T20:15:59","guid":{"rendered":"https:\/\/melic-creations.fr\/?post_type=product&#038;p=485"},"modified":"2025-12-10T17:22:47","modified_gmt":"2025-12-10T16:22:47","slug":"collection-coralie","status":"publish","type":"product","link":"https:\/\/melic-creations.fr\/index.php\/produit\/collection-coralie\/","title":{"rendered":"Coralie"},"content":{"rendered":"<p>d\u00e9lai de cr\u00e9ation 5 semaines<\/p>\n<p>&nbsp;<\/p>\n<p>toujours une poche incluse \u00e0 l&rsquo;int\u00e9rieur et une accroche porte-clefs<\/p>\n","protected":false},"excerpt":{"rendered":"<p>d\u00e9lai de cr\u00e9ation 5 semaines &nbsp; toujours une poche incluse \u00e0 l&rsquo;int\u00e9rieur et une accroche porte-clefs<\/p>\n","protected":false},"featured_media":486,"template":"","meta":[],"product_cat":[19,22],"product_tag":[],"class_list":{"0":"post-485","1":"product","2":"type-product","3":"status-publish","4":"has-post-thumbnail","6":"product_cat-bananes","7":"product_cat-bananes-taille-s","9":"first","10":"onbackorder","11":"sold-individually","12":"shipping-taxable","13":"purchasable","14":"product-type-simple"},"jetpack_sharing_enabled":true,"_links":{"self":[{"href":"https:\/\/melic-creations.fr\/index.php\/wp-json\/wp\/v2\/product\/485","targetHints":{"allow":["GET"]}}],"collection":[{"href":"https:\/\/melic-creations.fr\/index.php\/wp-json\/wp\/v2\/product"}],"about":[{"href":"https:\/\/melic-creations.fr\/index.php\/wp-json\/wp\/v2\/types\/product"}],"wp:featuredmedia":[{"embeddable":true,"href":"https:\/\/melic-creations.fr\/index.php\/wp-json\/wp\/v2\/media\/486"}],"wp:attachment":[{"href":"https:\/\/melic-creations.fr\/index.php\/wp-json\/wp\/v2\/media?parent=485"}],"wp:term":[{"taxonomy":"product_cat","embeddable":true,"href":"https:\/\/melic-creations.fr\/index.php\/wp-json\/wp\/v2\/product_cat?post=485"},{"taxonomy":"product_tag","embeddable":true,"href":"https:\/\/melic-creations.fr\/index.php\/wp-json\/wp\/v2\/product_tag?post=485"}],"curies":[{"name":"wp","href":"https:\/\/api.w.org\/{rel}","templated":true}]}}