{"id":483,"date":"2025-01-01T21:09:09","date_gmt":"2025-01-01T20:09:09","guid":{"rendered":"https:\/\/melic-creations.fr\/?post_type=product&#038;p=483"},"modified":"2025-08-26T22:23:35","modified_gmt":"2025-08-26T20:23:35","slug":"banane-collection-zoe","status":"publish","type":"product","link":"https:\/\/melic-creations.fr\/index.php\/produit\/banane-collection-zoe\/","title":{"rendered":"Zo\u00e9"},"content":{"rendered":"<p>D\u00e9lai de cr\u00e9ation 5 semaines<\/p>\n<p>&nbsp;<\/p>\n<p>La Zo\u00e9 :<\/p>\n<p>Avec son m\u00e9lange de simili cuir noir et son imprim\u00e9 z\u00e8bre , cette banane allie sobri\u00e9t\u00e9 et originalit\u00e9.<\/p>\n<p>pens\u00e9e et confectionn\u00e9e avec soin , cette pi\u00e8ce incarne l&rsquo;\u00e9quilibre entre fonctionnalit\u00e9 et personnalit\u00e9. D\u00e9contract\u00e9e ou plus chic ? cette banane s&rsquo;adapte a toutes vos envies .<\/p>\n<p>Toujours une poche incluse \u00e0 l&rsquo;int\u00e9rieure et l&rsquo;attache clef si pr\u00e9cieuse.<\/p>\n","protected":false},"excerpt":{"rendered":"<p>D\u00e9lai de cr\u00e9ation 5 semaines &nbsp; La Zo\u00e9 : Avec son m\u00e9lange de simili cuir noir et son imprim\u00e9 z\u00e8bre , cette banane allie sobri\u00e9t\u00e9 et originalit\u00e9. pens\u00e9e et confectionn\u00e9e avec soin , cette pi\u00e8ce incarne l&rsquo;\u00e9quilibre entre fonctionnalit\u00e9 et personnalit\u00e9. D\u00e9contract\u00e9e ou plus chic ? cette banane s&rsquo;adapte a toutes vos envies . Toujours [&hellip;]<\/p>\n","protected":false},"featured_media":484,"template":"","meta":[],"product_cat":[19,22],"product_tag":[],"class_list":{"0":"post-483","1":"product","2":"type-product","3":"status-publish","4":"has-post-thumbnail","6":"product_cat-bananes","7":"product_cat-bananes-taille-s","9":"first","10":"onbackorder","11":"sold-individually","12":"shipping-taxable","13":"purchasable","14":"product-type-simple"},"jetpack_sharing_enabled":true,"_links":{"self":[{"href":"https:\/\/melic-creations.fr\/index.php\/wp-json\/wp\/v2\/product\/483","targetHints":{"allow":["GET"]}}],"collection":[{"href":"https:\/\/melic-creations.fr\/index.php\/wp-json\/wp\/v2\/product"}],"about":[{"href":"https:\/\/melic-creations.fr\/index.php\/wp-json\/wp\/v2\/types\/product"}],"wp:featuredmedia":[{"embeddable":true,"href":"https:\/\/melic-creations.fr\/index.php\/wp-json\/wp\/v2\/media\/484"}],"wp:attachment":[{"href":"https:\/\/melic-creations.fr\/index.php\/wp-json\/wp\/v2\/media?parent=483"}],"wp:term":[{"taxonomy":"product_cat","embeddable":true,"href":"https:\/\/melic-creations.fr\/index.php\/wp-json\/wp\/v2\/product_cat?post=483"},{"taxonomy":"product_tag","embeddable":true,"href":"https:\/\/melic-creations.fr\/index.php\/wp-json\/wp\/v2\/product_tag?post=483"}],"curies":[{"name":"wp","href":"https:\/\/api.w.org\/{rel}","templated":true}]}}