{"id":188,"date":"2024-11-05T10:41:12","date_gmt":"2024-11-05T09:41:12","guid":{"rendered":"https:\/\/melic-creations.fr\/?post_type=product&#038;p=188"},"modified":"2025-11-19T19:24:28","modified_gmt":"2025-11-19T18:24:28","slug":"la-juliette-taille-enfant","status":"publish","type":"product","link":"https:\/\/melic-creations.fr\/index.php\/produit\/la-juliette-taille-enfant\/","title":{"rendered":"Juliette"},"content":{"rendered":"<p>D\u00e9lai de cr\u00e9ation\u00a0 5 semaines<\/p>\n<p>&nbsp;<\/p>\n<p>banane qui a les m\u00eame caract\u00e9ristiques int\u00e9rieur qu&rsquo;une M\u00e9liC<\/p>\n","protected":false},"excerpt":{"rendered":"<p>D\u00e9lai de cr\u00e9ation\u00a0 5 semaines &nbsp; banane qui a les m\u00eame caract\u00e9ristiques int\u00e9rieur qu&rsquo;une M\u00e9liC<\/p>\n","protected":false},"featured_media":189,"template":"","meta":[],"product_cat":[28],"product_tag":[],"class_list":{"0":"post-188","1":"product","2":"type-product","3":"status-publish","4":"has-post-thumbnail","6":"product_cat-banane","8":"first","9":"onbackorder","10":"shipping-taxable","11":"purchasable","12":"product-type-simple"},"jetpack_sharing_enabled":true,"_links":{"self":[{"href":"https:\/\/melic-creations.fr\/index.php\/wp-json\/wp\/v2\/product\/188","targetHints":{"allow":["GET"]}}],"collection":[{"href":"https:\/\/melic-creations.fr\/index.php\/wp-json\/wp\/v2\/product"}],"about":[{"href":"https:\/\/melic-creations.fr\/index.php\/wp-json\/wp\/v2\/types\/product"}],"wp:featuredmedia":[{"embeddable":true,"href":"https:\/\/melic-creations.fr\/index.php\/wp-json\/wp\/v2\/media\/189"}],"wp:attachment":[{"href":"https:\/\/melic-creations.fr\/index.php\/wp-json\/wp\/v2\/media?parent=188"}],"wp:term":[{"taxonomy":"product_cat","embeddable":true,"href":"https:\/\/melic-creations.fr\/index.php\/wp-json\/wp\/v2\/product_cat?post=188"},{"taxonomy":"product_tag","embeddable":true,"href":"https:\/\/melic-creations.fr\/index.php\/wp-json\/wp\/v2\/product_tag?post=188"}],"curies":[{"name":"wp","href":"https:\/\/api.w.org\/{rel}","templated":true}]}}