{"id":1223,"date":"2026-03-15T16:51:37","date_gmt":"2026-03-15T15:51:37","guid":{"rendered":"https:\/\/melic-creations.fr\/?post_type=product&#038;p=1223"},"modified":"2026-03-15T17:35:23","modified_gmt":"2026-03-15T16:35:23","slug":"s-marine","status":"publish","type":"product","link":"https:\/\/melic-creations.fr\/index.php\/produit\/s-marine\/","title":{"rendered":"cotel\u00e9 marine"},"content":{"rendered":"<p>banane c\u00f4tel\u00e9 bleu marine taille S<\/p>\n<p>si dispo envoi sous 3 jours ouvr\u00e9s , si en commande 3 semaines de d\u00e9lai.<\/p>\n","protected":false},"excerpt":{"rendered":"<p>banane c\u00f4tel\u00e9 bleu marine taille S si dispo envoi sous 3 jours ouvr\u00e9s , si en commande 3 semaines de d\u00e9lai.<\/p>\n","protected":false},"featured_media":1215,"template":"","meta":[],"product_cat":[16,19,22],"product_tag":[],"class_list":{"0":"post-1223","1":"product","2":"type-product","3":"status-publish","4":"has-post-thumbnail","6":"product_cat-non-classe","7":"product_cat-bananes","8":"product_cat-bananes-taille-s","10":"first","11":"instock","12":"shipping-taxable","13":"purchasable","14":"product-type-simple"},"jetpack_sharing_enabled":true,"_links":{"self":[{"href":"https:\/\/melic-creations.fr\/index.php\/wp-json\/wp\/v2\/product\/1223","targetHints":{"allow":["GET"]}}],"collection":[{"href":"https:\/\/melic-creations.fr\/index.php\/wp-json\/wp\/v2\/product"}],"about":[{"href":"https:\/\/melic-creations.fr\/index.php\/wp-json\/wp\/v2\/types\/product"}],"wp:featuredmedia":[{"embeddable":true,"href":"https:\/\/melic-creations.fr\/index.php\/wp-json\/wp\/v2\/media\/1215"}],"wp:attachment":[{"href":"https:\/\/melic-creations.fr\/index.php\/wp-json\/wp\/v2\/media?parent=1223"}],"wp:term":[{"taxonomy":"product_cat","embeddable":true,"href":"https:\/\/melic-creations.fr\/index.php\/wp-json\/wp\/v2\/product_cat?post=1223"},{"taxonomy":"product_tag","embeddable":true,"href":"https:\/\/melic-creations.fr\/index.php\/wp-json\/wp\/v2\/product_tag?post=1223"}],"curies":[{"name":"wp","href":"https:\/\/api.w.org\/{rel}","templated":true}]}}