{"id":1211,"date":"2026-03-15T16:41:51","date_gmt":"2026-03-15T15:41:51","guid":{"rendered":"https:\/\/melic-creations.fr\/?post_type=product&#038;p=1211"},"modified":"2026-03-15T17:32:18","modified_gmt":"2026-03-15T16:32:18","slug":"summur-xs-enfant","status":"publish","type":"product","link":"https:\/\/melic-creations.fr\/index.php\/produit\/summur-xs-enfant\/","title":{"rendered":"summer jaune"},"content":{"rendered":"<p>banane coton ray\u00e9 jaune et blanche taille XS ou enfant ( a pr\u00e9ciser pour la cr\u00e9ation car m\u00e9trage sangle diff\u00e9rent)<\/p>\n<p>si dispo envoi sous 3 jours ouvr\u00e9s , si en commande 3 semaines de d\u00e9lai.<\/p>\n","protected":false},"excerpt":{"rendered":"<p>banane coton ray\u00e9 jaune et blanche taille XS ou enfant ( a pr\u00e9ciser pour la cr\u00e9ation car m\u00e9trage sangle diff\u00e9rent) si dispo envoi sous 3 jours ouvr\u00e9s , si en commande 3 semaines de d\u00e9lai.<\/p>\n","protected":false},"featured_media":1212,"template":"","meta":[],"product_cat":[16,28,19,27],"product_tag":[],"class_list":{"0":"post-1211","1":"product","2":"type-product","3":"status-publish","4":"has-post-thumbnail","6":"product_cat-non-classe","7":"product_cat-banane","8":"product_cat-bananes","9":"product_cat-enfant","11":"first","12":"instock","13":"shipping-taxable","14":"purchasable","15":"product-type-simple"},"jetpack_sharing_enabled":true,"_links":{"self":[{"href":"https:\/\/melic-creations.fr\/index.php\/wp-json\/wp\/v2\/product\/1211","targetHints":{"allow":["GET"]}}],"collection":[{"href":"https:\/\/melic-creations.fr\/index.php\/wp-json\/wp\/v2\/product"}],"about":[{"href":"https:\/\/melic-creations.fr\/index.php\/wp-json\/wp\/v2\/types\/product"}],"wp:featuredmedia":[{"embeddable":true,"href":"https:\/\/melic-creations.fr\/index.php\/wp-json\/wp\/v2\/media\/1212"}],"wp:attachment":[{"href":"https:\/\/melic-creations.fr\/index.php\/wp-json\/wp\/v2\/media?parent=1211"}],"wp:term":[{"taxonomy":"product_cat","embeddable":true,"href":"https:\/\/melic-creations.fr\/index.php\/wp-json\/wp\/v2\/product_cat?post=1211"},{"taxonomy":"product_tag","embeddable":true,"href":"https:\/\/melic-creations.fr\/index.php\/wp-json\/wp\/v2\/product_tag?post=1211"}],"curies":[{"name":"wp","href":"https:\/\/api.w.org\/{rel}","templated":true}]}}