{"id":1201,"date":"2026-03-14T17:30:17","date_gmt":"2026-03-14T16:30:17","guid":{"rendered":"https:\/\/melic-creations.fr\/?post_type=product&#038;p=1201"},"modified":"2026-03-15T17:35:57","modified_gmt":"2026-03-15T16:35:57","slug":"rouille","status":"publish","type":"product","link":"https:\/\/melic-creations.fr\/index.php\/produit\/rouille\/","title":{"rendered":"cotel\u00e9 rouille"},"content":{"rendered":"<p>banane S cotel\u00e9 rouille<\/p>\n<p>fermeture dor\u00e9<\/p>\n<p>si dispo envoi sous 3 jours ouvr\u00e9s , si en commande 3 semaines de d\u00e9lai.<\/p>\n","protected":false},"excerpt":{"rendered":"<p>banane S cotel\u00e9 rouille fermeture dor\u00e9 si dispo envoi sous 3 jours ouvr\u00e9s , si en commande 3 semaines de d\u00e9lai.<\/p>\n","protected":false},"featured_media":1202,"template":"","meta":[],"product_cat":[16,19,22],"product_tag":[],"class_list":{"0":"post-1201","1":"product","2":"type-product","3":"status-publish","4":"has-post-thumbnail","6":"product_cat-non-classe","7":"product_cat-bananes","8":"product_cat-bananes-taille-s","10":"first","11":"instock","12":"shipping-taxable","13":"purchasable","14":"product-type-simple"},"jetpack_sharing_enabled":true,"_links":{"self":[{"href":"https:\/\/melic-creations.fr\/index.php\/wp-json\/wp\/v2\/product\/1201","targetHints":{"allow":["GET"]}}],"collection":[{"href":"https:\/\/melic-creations.fr\/index.php\/wp-json\/wp\/v2\/product"}],"about":[{"href":"https:\/\/melic-creations.fr\/index.php\/wp-json\/wp\/v2\/types\/product"}],"wp:featuredmedia":[{"embeddable":true,"href":"https:\/\/melic-creations.fr\/index.php\/wp-json\/wp\/v2\/media\/1202"}],"wp:attachment":[{"href":"https:\/\/melic-creations.fr\/index.php\/wp-json\/wp\/v2\/media?parent=1201"}],"wp:term":[{"taxonomy":"product_cat","embeddable":true,"href":"https:\/\/melic-creations.fr\/index.php\/wp-json\/wp\/v2\/product_cat?post=1201"},{"taxonomy":"product_tag","embeddable":true,"href":"https:\/\/melic-creations.fr\/index.php\/wp-json\/wp\/v2\/product_tag?post=1201"}],"curies":[{"name":"wp","href":"https:\/\/api.w.org\/{rel}","templated":true}]}}