{"id":1194,"date":"2026-03-14T16:50:24","date_gmt":"2026-03-14T15:50:24","guid":{"rendered":"https:\/\/melic-creations.fr\/?post_type=product&#038;p=1194"},"modified":"2026-03-15T17:32:31","modified_gmt":"2026-03-15T16:32:31","slug":"xs-ou-enfant","status":"publish","type":"product","link":"https:\/\/melic-creations.fr\/index.php\/produit\/xs-ou-enfant\/","title":{"rendered":"bleu jean"},"content":{"rendered":"<p>banane taille XS ou enfant jean bleu et d\u00e9tail fleurit ( a pr\u00e9ciser pour la cr\u00e9ation car m\u00e9trage sangle diff\u00e9rent)<\/p>\n<p>c\u0153ur bleu , fermeture dor\u00e9<\/p>\n<p>si dispo envoi sous 3 jours ouvr\u00e9s<\/p>\n","protected":false},"excerpt":{"rendered":"<p>banane taille XS ou enfant jean bleu et d\u00e9tail fleurit ( a pr\u00e9ciser pour la cr\u00e9ation car m\u00e9trage sangle diff\u00e9rent) c\u0153ur bleu , fermeture dor\u00e9 si dispo envoi sous 3 jours ouvr\u00e9s<\/p>\n","protected":false},"featured_media":1192,"template":"","meta":[],"product_cat":[16,28,19,27],"product_tag":[],"class_list":{"0":"post-1194","1":"product","2":"type-product","3":"status-publish","4":"has-post-thumbnail","6":"product_cat-non-classe","7":"product_cat-banane","8":"product_cat-bananes","9":"product_cat-enfant","11":"first","12":"instock","13":"shipping-taxable","14":"purchasable","15":"product-type-simple"},"jetpack_sharing_enabled":true,"_links":{"self":[{"href":"https:\/\/melic-creations.fr\/index.php\/wp-json\/wp\/v2\/product\/1194","targetHints":{"allow":["GET"]}}],"collection":[{"href":"https:\/\/melic-creations.fr\/index.php\/wp-json\/wp\/v2\/product"}],"about":[{"href":"https:\/\/melic-creations.fr\/index.php\/wp-json\/wp\/v2\/types\/product"}],"wp:featuredmedia":[{"embeddable":true,"href":"https:\/\/melic-creations.fr\/index.php\/wp-json\/wp\/v2\/media\/1192"}],"wp:attachment":[{"href":"https:\/\/melic-creations.fr\/index.php\/wp-json\/wp\/v2\/media?parent=1194"}],"wp:term":[{"taxonomy":"product_cat","embeddable":true,"href":"https:\/\/melic-creations.fr\/index.php\/wp-json\/wp\/v2\/product_cat?post=1194"},{"taxonomy":"product_tag","embeddable":true,"href":"https:\/\/melic-creations.fr\/index.php\/wp-json\/wp\/v2\/product_tag?post=1194"}],"curies":[{"name":"wp","href":"https:\/\/api.w.org\/{rel}","templated":true}]}}