{"id":1181,"date":"2026-01-14T22:26:17","date_gmt":"2026-01-14T21:26:17","guid":{"rendered":"https:\/\/melic-creations.fr\/?post_type=product&#038;p=1181"},"modified":"2026-01-20T15:13:42","modified_gmt":"2026-01-20T14:13:42","slug":"bi-mat-cotele-noir","status":"publish","type":"product","link":"https:\/\/melic-creations.fr\/index.php\/produit\/bi-mat-cotele-noir\/","title":{"rendered":"bi mat c\u00f4tel\u00e9 noir"},"content":{"rendered":"<p>taille S , bi mati\u00e8re simili noir et cotel\u00e9 noir<\/p>\n<p>fermeture \u00e9clair bronze<\/p>\n<p>si en stock envoi sous 3 jours si en cr\u00e9ations 3-4 semaines de d\u00e9lai<\/p>\n","protected":false},"excerpt":{"rendered":"<p>taille S , bi mati\u00e8re simili noir et cotel\u00e9 noir fermeture \u00e9clair bronze si en stock envoi sous 3 jours si en cr\u00e9ations 3-4 semaines de d\u00e9lai<\/p>\n","protected":false},"featured_media":1176,"template":"","meta":[],"product_cat":[19,22],"product_tag":[],"class_list":{"0":"post-1181","1":"product","2":"type-product","3":"status-publish","4":"has-post-thumbnail","6":"product_cat-bananes","7":"product_cat-bananes-taille-s","9":"first","10":"onbackorder","11":"shipping-taxable","12":"purchasable","13":"product-type-simple"},"jetpack_sharing_enabled":true,"_links":{"self":[{"href":"https:\/\/melic-creations.fr\/index.php\/wp-json\/wp\/v2\/product\/1181","targetHints":{"allow":["GET"]}}],"collection":[{"href":"https:\/\/melic-creations.fr\/index.php\/wp-json\/wp\/v2\/product"}],"about":[{"href":"https:\/\/melic-creations.fr\/index.php\/wp-json\/wp\/v2\/types\/product"}],"wp:featuredmedia":[{"embeddable":true,"href":"https:\/\/melic-creations.fr\/index.php\/wp-json\/wp\/v2\/media\/1176"}],"wp:attachment":[{"href":"https:\/\/melic-creations.fr\/index.php\/wp-json\/wp\/v2\/media?parent=1181"}],"wp:term":[{"taxonomy":"product_cat","embeddable":true,"href":"https:\/\/melic-creations.fr\/index.php\/wp-json\/wp\/v2\/product_cat?post=1181"},{"taxonomy":"product_tag","embeddable":true,"href":"https:\/\/melic-creations.fr\/index.php\/wp-json\/wp\/v2\/product_tag?post=1181"}],"curies":[{"name":"wp","href":"https:\/\/api.w.org\/{rel}","templated":true}]}}