{"id":1174,"date":"2026-01-14T22:23:17","date_gmt":"2026-01-14T21:23:17","guid":{"rendered":"https:\/\/melic-creations.fr\/?post_type=product&#038;p=1174"},"modified":"2026-03-14T16:18:34","modified_gmt":"2026-03-14T15:18:34","slug":"sequin-noire","status":"publish","type":"product","link":"https:\/\/melic-creations.fr\/index.php\/produit\/sequin-noire\/","title":{"rendered":"sequin noire"},"content":{"rendered":"<p>banane taille S sequin noire<\/p>\n<p>fermeture \u00e9clair argent\u00e9 , logo MeliC gris<\/p>\n<p>&nbsp;<\/p>\n<p>si en stock envoi sous 3 jours , si en cr\u00e9ations 3-4 semaines de d\u00e9lai<\/p>\n","protected":false},"excerpt":{"rendered":"<p>banane taille S sequin noire fermeture \u00e9clair argent\u00e9 , logo MeliC gris &nbsp; si en stock envoi sous 3 jours , si en cr\u00e9ations 3-4 semaines de d\u00e9lai<\/p>\n","protected":false},"featured_media":1175,"template":"","meta":[],"product_cat":[16,19,22],"product_tag":[],"class_list":{"0":"post-1174","1":"product","2":"type-product","3":"status-publish","4":"has-post-thumbnail","6":"product_cat-non-classe","7":"product_cat-bananes","8":"product_cat-bananes-taille-s","10":"first","11":"onbackorder","12":"shipping-taxable","13":"purchasable","14":"product-type-simple"},"jetpack_sharing_enabled":true,"_links":{"self":[{"href":"https:\/\/melic-creations.fr\/index.php\/wp-json\/wp\/v2\/product\/1174","targetHints":{"allow":["GET"]}}],"collection":[{"href":"https:\/\/melic-creations.fr\/index.php\/wp-json\/wp\/v2\/product"}],"about":[{"href":"https:\/\/melic-creations.fr\/index.php\/wp-json\/wp\/v2\/types\/product"}],"wp:featuredmedia":[{"embeddable":true,"href":"https:\/\/melic-creations.fr\/index.php\/wp-json\/wp\/v2\/media\/1175"}],"wp:attachment":[{"href":"https:\/\/melic-creations.fr\/index.php\/wp-json\/wp\/v2\/media?parent=1174"}],"wp:term":[{"taxonomy":"product_cat","embeddable":true,"href":"https:\/\/melic-creations.fr\/index.php\/wp-json\/wp\/v2\/product_cat?post=1174"},{"taxonomy":"product_tag","embeddable":true,"href":"https:\/\/melic-creations.fr\/index.php\/wp-json\/wp\/v2\/product_tag?post=1174"}],"curies":[{"name":"wp","href":"https:\/\/api.w.org\/{rel}","templated":true}]}}