{"id":1163,"date":"2025-12-10T10:24:04","date_gmt":"2025-12-10T09:24:04","guid":{"rendered":"https:\/\/melic-creations.fr\/?post_type=product&#038;p=1163"},"modified":"2025-12-10T16:32:26","modified_gmt":"2025-12-10T15:32:26","slug":"bon-cadeau-100-euros","status":"publish","type":"product","link":"https:\/\/melic-creations.fr\/index.php\/produit\/bon-cadeau-100-euros\/","title":{"rendered":"Bon cadeau 100 euros"},"content":{"rendered":"<p>le bon cadeau MeliC est valable 6 mois a partir de la date d&rsquo;achat.<\/p>\n<p>Il vous est envoy\u00e9 directement par mail pr\u00eat a \u00eatre offert.<\/p>\n<p>Vous pouvez \u00e9galement cumuler plusieurs bon cadeaux .<\/p>\n<p>&nbsp;<\/p>\n<p>Une fa\u00e7on simple et \u00e9l\u00e9gante de faire plaisir en laissant le choix. <img loading=\"lazy\" decoding=\"async\" class=\"size-medium wp-image-1153\" src=\"http:\/\/melic-creations.fr\/wp-content\/uploads\/2025\/12\/IMG_5677-300x98.jpg\" alt=\"\" width=\"300\" height=\"98\" srcset=\"https:\/\/melic-creations.fr\/wp-content\/uploads\/2025\/12\/IMG_5677-300x98.jpg 300w, https:\/\/melic-creations.fr\/wp-content\/uploads\/2025\/12\/IMG_5677-1024x334.jpg 1024w, https:\/\/melic-creations.fr\/wp-content\/uploads\/2025\/12\/IMG_5677-768x250.jpg 768w, https:\/\/melic-creations.fr\/wp-content\/uploads\/2025\/12\/IMG_5677-600x195.jpg 600w, https:\/\/melic-creations.fr\/wp-content\/uploads\/2025\/12\/IMG_5677.jpg 1179w\" sizes=\"auto, (max-width: 300px) 100vw, 300px\" \/><\/p>\n","protected":false},"excerpt":{"rendered":"<p>le bon cadeau MeliC est valable 6 mois a partir de la date d&rsquo;achat. Il vous est envoy\u00e9 directement par mail pr\u00eat a \u00eatre offert. Vous pouvez \u00e9galement cumuler plusieurs bon cadeaux . &nbsp; Une fa\u00e7on simple et \u00e9l\u00e9gante de faire plaisir en laissant le choix.<\/p>\n","protected":false},"featured_media":1153,"template":"","meta":[],"product_cat":[55],"product_tag":[],"class_list":{"0":"post-1163","1":"product","2":"type-product","3":"status-publish","4":"has-post-thumbnail","6":"product_cat-carte-cadeau","8":"first","9":"instock","10":"shipping-taxable","11":"purchasable","12":"product-type-simple"},"jetpack_sharing_enabled":true,"_links":{"self":[{"href":"https:\/\/melic-creations.fr\/index.php\/wp-json\/wp\/v2\/product\/1163","targetHints":{"allow":["GET"]}}],"collection":[{"href":"https:\/\/melic-creations.fr\/index.php\/wp-json\/wp\/v2\/product"}],"about":[{"href":"https:\/\/melic-creations.fr\/index.php\/wp-json\/wp\/v2\/types\/product"}],"wp:featuredmedia":[{"embeddable":true,"href":"https:\/\/melic-creations.fr\/index.php\/wp-json\/wp\/v2\/media\/1153"}],"wp:attachment":[{"href":"https:\/\/melic-creations.fr\/index.php\/wp-json\/wp\/v2\/media?parent=1163"}],"wp:term":[{"taxonomy":"product_cat","embeddable":true,"href":"https:\/\/melic-creations.fr\/index.php\/wp-json\/wp\/v2\/product_cat?post=1163"},{"taxonomy":"product_tag","embeddable":true,"href":"https:\/\/melic-creations.fr\/index.php\/wp-json\/wp\/v2\/product_tag?post=1163"}],"curies":[{"name":"wp","href":"https:\/\/api.w.org\/{rel}","templated":true}]}}