{"id":1162,"date":"2025-12-10T10:23:36","date_gmt":"2025-12-10T09:23:36","guid":{"rendered":"https:\/\/melic-creations.fr\/?post_type=product&#038;p=1162"},"modified":"2025-12-10T16:33:43","modified_gmt":"2025-12-10T15:33:43","slug":"bon-cadeau-90-euros","status":"publish","type":"product","link":"https:\/\/melic-creations.fr\/index.php\/produit\/bon-cadeau-90-euros\/","title":{"rendered":"Bon cadeau 90 euros"},"content":{"rendered":"<p>le bon cadeau MeliC est valable 6 mois a partir de la date d&rsquo;achat.<\/p>\n<p>Il vous est envoy\u00e9 directement par mail pr\u00eat a \u00eatre offert.<\/p>\n<p>Vous pouvez \u00e9galement cumuler plusieurs bon cadeaux .<\/p>\n<p>&nbsp;<\/p>\n<p>Une fa\u00e7on simple et \u00e9l\u00e9gante de faire plaisir en laissant le choix.<\/p>\n","protected":false},"excerpt":{"rendered":"<p>le bon cadeau MeliC est valable 6 mois a partir de la date d&rsquo;achat. Il vous est envoy\u00e9 directement par mail pr\u00eat a \u00eatre offert. Vous pouvez \u00e9galement cumuler plusieurs bon cadeaux . &nbsp; Une fa\u00e7on simple et \u00e9l\u00e9gante de faire plaisir en laissant le choix.<\/p>\n","protected":false},"featured_media":1153,"template":"","meta":[],"product_cat":[55],"product_tag":[],"class_list":{"0":"post-1162","1":"product","2":"type-product","3":"status-publish","4":"has-post-thumbnail","6":"product_cat-carte-cadeau","8":"first","9":"instock","10":"shipping-taxable","11":"purchasable","12":"product-type-simple"},"jetpack_sharing_enabled":true,"_links":{"self":[{"href":"https:\/\/melic-creations.fr\/index.php\/wp-json\/wp\/v2\/product\/1162","targetHints":{"allow":["GET"]}}],"collection":[{"href":"https:\/\/melic-creations.fr\/index.php\/wp-json\/wp\/v2\/product"}],"about":[{"href":"https:\/\/melic-creations.fr\/index.php\/wp-json\/wp\/v2\/types\/product"}],"wp:featuredmedia":[{"embeddable":true,"href":"https:\/\/melic-creations.fr\/index.php\/wp-json\/wp\/v2\/media\/1153"}],"wp:attachment":[{"href":"https:\/\/melic-creations.fr\/index.php\/wp-json\/wp\/v2\/media?parent=1162"}],"wp:term":[{"taxonomy":"product_cat","embeddable":true,"href":"https:\/\/melic-creations.fr\/index.php\/wp-json\/wp\/v2\/product_cat?post=1162"},{"taxonomy":"product_tag","embeddable":true,"href":"https:\/\/melic-creations.fr\/index.php\/wp-json\/wp\/v2\/product_tag?post=1162"}],"curies":[{"name":"wp","href":"https:\/\/api.w.org\/{rel}","templated":true}]}}