{"id":1083,"date":"2025-11-05T15:03:57","date_gmt":"2025-11-05T14:03:57","guid":{"rendered":"https:\/\/melic-creations.fr\/?post_type=product&#038;p=1083"},"modified":"2026-03-14T16:22:02","modified_gmt":"2026-03-14T15:22:02","slug":"1083","status":"publish","type":"product","link":"https:\/\/melic-creations.fr\/index.php\/produit\/1083\/","title":{"rendered":"LA r\u00e9versible"},"content":{"rendered":"<p>LA Banane R\u00e9versible !!!!<\/p>\n<p>cr\u00e9ations M\u00e9liC la banane r\u00e9versible , un cot\u00e9 noir coton , un cot\u00e9 l\u00e9opard<\/p>\n<p>sangle amovible noire .<\/p>\n<p>&nbsp;<\/p>\n<p>taille S 37cm x 19cm<\/p>\n<p>&nbsp;<\/p>\n<p>d\u00e9lai de cr\u00e9ation 3-4 semaines<\/p>\n","protected":false},"excerpt":{"rendered":"<p>LA Banane R\u00e9versible !!!! cr\u00e9ations M\u00e9liC la banane r\u00e9versible , un cot\u00e9 noir coton , un cot\u00e9 l\u00e9opard sangle amovible noire . &nbsp; taille S 37cm x 19cm &nbsp; d\u00e9lai de cr\u00e9ation 3-4 semaines<\/p>\n","protected":false},"featured_media":1043,"template":"","meta":[],"product_cat":[16,19,22],"product_tag":[],"class_list":{"0":"post-1083","1":"product","2":"type-product","3":"status-publish","4":"has-post-thumbnail","6":"product_cat-non-classe","7":"product_cat-bananes","8":"product_cat-bananes-taille-s","10":"first","11":"onbackorder","12":"shipping-taxable","13":"purchasable","14":"product-type-simple"},"jetpack_sharing_enabled":true,"_links":{"self":[{"href":"https:\/\/melic-creations.fr\/index.php\/wp-json\/wp\/v2\/product\/1083","targetHints":{"allow":["GET"]}}],"collection":[{"href":"https:\/\/melic-creations.fr\/index.php\/wp-json\/wp\/v2\/product"}],"about":[{"href":"https:\/\/melic-creations.fr\/index.php\/wp-json\/wp\/v2\/types\/product"}],"wp:featuredmedia":[{"embeddable":true,"href":"https:\/\/melic-creations.fr\/index.php\/wp-json\/wp\/v2\/media\/1043"}],"wp:attachment":[{"href":"https:\/\/melic-creations.fr\/index.php\/wp-json\/wp\/v2\/media?parent=1083"}],"wp:term":[{"taxonomy":"product_cat","embeddable":true,"href":"https:\/\/melic-creations.fr\/index.php\/wp-json\/wp\/v2\/product_cat?post=1083"},{"taxonomy":"product_tag","embeddable":true,"href":"https:\/\/melic-creations.fr\/index.php\/wp-json\/wp\/v2\/product_tag?post=1083"}],"curies":[{"name":"wp","href":"https:\/\/api.w.org\/{rel}","templated":true}]}}