{"id":1073,"date":"2025-11-05T14:52:29","date_gmt":"2025-11-05T13:52:29","guid":{"rendered":"https:\/\/melic-creations.fr\/?post_type=product&#038;p=1073"},"modified":"2026-01-09T11:14:47","modified_gmt":"2026-01-09T10:14:47","slug":"1073","status":"publish","type":"product","link":"https:\/\/melic-creations.fr\/index.php\/produit\/1073\/","title":{"rendered":""},"content":{"rendered":"<p>!!! Mod\u00e8le d\u00e9pos\u00e9 INPI!!!<\/p>\n<p>&nbsp;<\/p>\n<p>Banane MUM taille M<\/p>\n<p>bi-mati\u00e8re simili noir et cotel\u00e9 noir<\/p>\n<p>&nbsp;<\/p>\n<p>Taille 45cm*23cm<\/p>\n","protected":false},"excerpt":{"rendered":"<p>!!! Mod\u00e8le d\u00e9pos\u00e9 INPI!!! &nbsp; Banane MUM taille M bi-mati\u00e8re simili noir et cotel\u00e9 noir &nbsp; Taille 45cm*23cm<\/p>\n","protected":false},"featured_media":1068,"template":"","meta":[],"product_cat":[16,19,46],"product_tag":[],"class_list":{"0":"post-1073","1":"product","2":"type-product","3":"status-publish","4":"has-post-thumbnail","6":"product_cat-non-classe","7":"product_cat-bananes","8":"product_cat-bananes-taille-m","10":"first","11":"onbackorder","12":"shipping-taxable","13":"purchasable","14":"product-type-simple"},"jetpack_sharing_enabled":true,"_links":{"self":[{"href":"https:\/\/melic-creations.fr\/index.php\/wp-json\/wp\/v2\/product\/1073","targetHints":{"allow":["GET"]}}],"collection":[{"href":"https:\/\/melic-creations.fr\/index.php\/wp-json\/wp\/v2\/product"}],"about":[{"href":"https:\/\/melic-creations.fr\/index.php\/wp-json\/wp\/v2\/types\/product"}],"wp:featuredmedia":[{"embeddable":true,"href":"https:\/\/melic-creations.fr\/index.php\/wp-json\/wp\/v2\/media\/1068"}],"wp:attachment":[{"href":"https:\/\/melic-creations.fr\/index.php\/wp-json\/wp\/v2\/media?parent=1073"}],"wp:term":[{"taxonomy":"product_cat","embeddable":true,"href":"https:\/\/melic-creations.fr\/index.php\/wp-json\/wp\/v2\/product_cat?post=1073"},{"taxonomy":"product_tag","embeddable":true,"href":"https:\/\/melic-creations.fr\/index.php\/wp-json\/wp\/v2\/product_tag?post=1073"}],"curies":[{"name":"wp","href":"https:\/\/api.w.org\/{rel}","templated":true}]}}