{"id":1060,"date":"2025-11-05T14:45:20","date_gmt":"2025-11-05T13:45:20","guid":{"rendered":"https:\/\/melic-creations.fr\/?post_type=product&#038;p=1060"},"modified":"2026-03-14T16:22:34","modified_gmt":"2026-03-14T15:22:34","slug":"1060","status":"publish","type":"product","link":"https:\/\/melic-creations.fr\/index.php\/produit\/1060\/","title":{"rendered":""},"content":{"rendered":"<p>Nouveaut\u00e9 sac Anais<\/p>\n<p>simili noir et sequin noir<\/p>\n<p>possibilit\u00e9 de changer pour une chaine noir et dor\u00e9 plut\u00f4t que la hanse ( le pr\u00e9ciser a l&rsquo;achat en commentaire )<\/p>\n","protected":false},"excerpt":{"rendered":"<p>Nouveaut\u00e9 sac Anais simili noir et sequin noir possibilit\u00e9 de changer pour une chaine noir et dor\u00e9 plut\u00f4t que la hanse ( le pr\u00e9ciser a l&rsquo;achat en commentaire )<\/p>\n","protected":false},"featured_media":1063,"template":"","meta":[],"product_cat":[16,54,33],"product_tag":[],"class_list":{"0":"post-1060","1":"product","2":"type-product","3":"status-publish","4":"has-post-thumbnail","6":"product_cat-non-classe","7":"product_cat-sac-anais","8":"product_cat-sacs","10":"first","11":"instock","12":"shipping-taxable","13":"purchasable","14":"product-type-simple"},"jetpack_sharing_enabled":true,"_links":{"self":[{"href":"https:\/\/melic-creations.fr\/index.php\/wp-json\/wp\/v2\/product\/1060","targetHints":{"allow":["GET"]}}],"collection":[{"href":"https:\/\/melic-creations.fr\/index.php\/wp-json\/wp\/v2\/product"}],"about":[{"href":"https:\/\/melic-creations.fr\/index.php\/wp-json\/wp\/v2\/types\/product"}],"wp:featuredmedia":[{"embeddable":true,"href":"https:\/\/melic-creations.fr\/index.php\/wp-json\/wp\/v2\/media\/1063"}],"wp:attachment":[{"href":"https:\/\/melic-creations.fr\/index.php\/wp-json\/wp\/v2\/media?parent=1060"}],"wp:term":[{"taxonomy":"product_cat","embeddable":true,"href":"https:\/\/melic-creations.fr\/index.php\/wp-json\/wp\/v2\/product_cat?post=1060"},{"taxonomy":"product_tag","embeddable":true,"href":"https:\/\/melic-creations.fr\/index.php\/wp-json\/wp\/v2\/product_tag?post=1060"}],"curies":[{"name":"wp","href":"https:\/\/api.w.org\/{rel}","templated":true}]}}