{"id":1050,"date":"2025-11-05T14:31:19","date_gmt":"2025-11-05T13:31:19","guid":{"rendered":"https:\/\/melic-creations.fr\/?post_type=product&#038;p=1050"},"modified":"2026-03-15T17:36:36","modified_gmt":"2026-03-15T16:36:36","slug":"1050","status":"publish","type":"product","link":"https:\/\/melic-creations.fr\/index.php\/produit\/1050\/","title":{"rendered":"sequin noir"},"content":{"rendered":"<p>sequin noir fermeture \u00e9clair dor\u00e9<\/p>\n<p>taille S 37cm x 19cm<\/p>\n<p>&nbsp;<\/p>\n<p>si en stock exp\u00e9dition sous 3-5 jours , si en r\u00e9approvisionnement confection 3-4 semaines .<\/p>\n","protected":false},"excerpt":{"rendered":"<p>sequin noir fermeture \u00e9clair dor\u00e9 taille S 37cm x 19cm &nbsp; si en stock exp\u00e9dition sous 3-5 jours , si en r\u00e9approvisionnement confection 3-4 semaines .<\/p>\n","protected":false},"featured_media":1052,"template":"","meta":[],"product_cat":[16,19,22],"product_tag":[],"class_list":{"0":"post-1050","1":"product","2":"type-product","3":"status-publish","4":"has-post-thumbnail","6":"product_cat-non-classe","7":"product_cat-bananes","8":"product_cat-bananes-taille-s","10":"first","11":"onbackorder","12":"shipping-taxable","13":"purchasable","14":"product-type-simple"},"jetpack_sharing_enabled":true,"_links":{"self":[{"href":"https:\/\/melic-creations.fr\/index.php\/wp-json\/wp\/v2\/product\/1050","targetHints":{"allow":["GET"]}}],"collection":[{"href":"https:\/\/melic-creations.fr\/index.php\/wp-json\/wp\/v2\/product"}],"about":[{"href":"https:\/\/melic-creations.fr\/index.php\/wp-json\/wp\/v2\/types\/product"}],"wp:featuredmedia":[{"embeddable":true,"href":"https:\/\/melic-creations.fr\/index.php\/wp-json\/wp\/v2\/media\/1052"}],"wp:attachment":[{"href":"https:\/\/melic-creations.fr\/index.php\/wp-json\/wp\/v2\/media?parent=1050"}],"wp:term":[{"taxonomy":"product_cat","embeddable":true,"href":"https:\/\/melic-creations.fr\/index.php\/wp-json\/wp\/v2\/product_cat?post=1050"},{"taxonomy":"product_tag","embeddable":true,"href":"https:\/\/melic-creations.fr\/index.php\/wp-json\/wp\/v2\/product_tag?post=1050"}],"curies":[{"name":"wp","href":"https:\/\/api.w.org\/{rel}","templated":true}]}}