{"id":1037,"date":"2025-11-05T14:10:47","date_gmt":"2025-11-05T13:10:47","guid":{"rendered":"https:\/\/melic-creations.fr\/?post_type=product&#038;p=1037"},"modified":"2026-03-15T17:33:07","modified_gmt":"2026-03-15T16:33:07","slug":"1037","status":"publish","type":"product","link":"https:\/\/melic-creations.fr\/index.php\/produit\/1037\/","title":{"rendered":"l\u00e9onie"},"content":{"rendered":"<p>banane taille \u00ab\u00a0enfant\u00a0\u00bb\u00a0 , taille XS \u00a0( a pr\u00e9ciser pour la cr\u00e9ation car m\u00e9trage sangle diff\u00e9rent)<\/p>\n<p>32cm x 15cm<\/p>\n<p>coton l\u00e9opard<\/p>\n","protected":false},"excerpt":{"rendered":"<p>banane taille \u00ab\u00a0enfant\u00a0\u00bb\u00a0 , taille XS \u00a0( a pr\u00e9ciser pour la cr\u00e9ation car m\u00e9trage sangle diff\u00e9rent) 32cm x 15cm coton l\u00e9opard<\/p>\n","protected":false},"featured_media":1038,"template":"","meta":[],"product_cat":[16,28,19,27],"product_tag":[],"class_list":{"0":"post-1037","1":"product","2":"type-product","3":"status-publish","4":"has-post-thumbnail","6":"product_cat-non-classe","7":"product_cat-banane","8":"product_cat-bananes","9":"product_cat-enfant","11":"first","12":"onbackorder","13":"shipping-taxable","14":"purchasable","15":"product-type-simple"},"jetpack_sharing_enabled":true,"_links":{"self":[{"href":"https:\/\/melic-creations.fr\/index.php\/wp-json\/wp\/v2\/product\/1037","targetHints":{"allow":["GET"]}}],"collection":[{"href":"https:\/\/melic-creations.fr\/index.php\/wp-json\/wp\/v2\/product"}],"about":[{"href":"https:\/\/melic-creations.fr\/index.php\/wp-json\/wp\/v2\/types\/product"}],"wp:featuredmedia":[{"embeddable":true,"href":"https:\/\/melic-creations.fr\/index.php\/wp-json\/wp\/v2\/media\/1038"}],"wp:attachment":[{"href":"https:\/\/melic-creations.fr\/index.php\/wp-json\/wp\/v2\/media?parent=1037"}],"wp:term":[{"taxonomy":"product_cat","embeddable":true,"href":"https:\/\/melic-creations.fr\/index.php\/wp-json\/wp\/v2\/product_cat?post=1037"},{"taxonomy":"product_tag","embeddable":true,"href":"https:\/\/melic-creations.fr\/index.php\/wp-json\/wp\/v2\/product_tag?post=1037"}],"curies":[{"name":"wp","href":"https:\/\/api.w.org\/{rel}","templated":true}]}}