{"id":91,"date":"2024-11-04T21:01:55","date_gmt":"2024-11-04T20:01:55","guid":{"rendered":"https:\/\/melic-creations.fr\/?page_id=91"},"modified":"2025-01-09T21:28:52","modified_gmt":"2025-01-09T20:28:52","slug":"bienvenue","status":"publish","type":"page","link":"https:\/\/melic-creations.fr\/","title":{"rendered":""},"content":{"rendered":"<p style=\"text-align: left;\">Bienvenue chez M\u00e9liC cr\u00e9ations , une marque artisanale situ\u00e9e dans les hauts de France \u00e0 Dunkerque.<\/p>\n<p style=\"text-align: left;\">Cr\u00e9ations artisanales d\u00e9di\u00e9es \u00e0 la confection de sacs personnalisables et autres accessoires femmes et enfants .<\/p>\n<p style=\"text-align: left;\">Chaque pi\u00e8ce , con\u00e7ue avec soin et passion , allie \u00e9l\u00e9gance , praticit\u00e9 et singularit\u00e9 pour r\u00e9pondre \u00e0 vos envies et sublimer votre quotidien.<\/p><p><strong><style type=\"text\/css\" scoped>.rbs_gallery_69d508afedcc4Spinner{\r\n\t\t\t\tmargin: 50px auto;\r\n\t\t\t\twidth: 50px;\r\n\t\t\t\theight: 40px;\r\n\t\t\t\ttext-align: center;\r\n\t\t\t\tfont-size: 10px;\r\n\t\t\t}\r\n\t\t\t.rbs_gallery_69d508afedcc4Spinner > div{\r\n\t\t\t  background-color: #333;\r\n\t\t\t  height: 100%;\r\n\t\t\t  width: 6px;\r\n\t\t\t  display: inline-block;\r\n\t\t\t  -webkit-animation: rbs_gallery_69d508afedcc4-stretchdelay 1.2s infinite ease-in-out;\r\n\t\t\t  animation: rbs_gallery_69d508afedcc4-stretchdelay 1.2s infinite ease-in-out;\r\n\t\t\t}\r\n\t\t\t.rbs_gallery_69d508afedcc4Spinner .rbs_gallery_69d508afedcc4Rect2 {\r\n\t\t\t  -webkit-animation-delay: -1.1s;\r\n\t\t\t  animation-delay: -1.1s;\r\n\t\t\t}\r\n\t\t\t.rbs_gallery_69d508afedcc4Spinner .rbs_gallery_69d508afedcc4Rect3 {\r\n\t\t\t  -webkit-animation-delay: -1.0s;\r\n\t\t\t  animation-delay: -1.0s;\r\n\t\t\t}\r\n\t\t\t.rbs_gallery_69d508afedcc4Spinner .rbs_gallery_69d508afedcc4Rect4 {\r\n\t\t\t  -webkit-animation-delay: -0.9s;\r\n\t\t\t  animation-delay: -0.9s;\r\n\t\t\t}\r\n\t\t\t.rbs_gallery_69d508afedcc4Spinner .rbs_gallery_69d508afedcc4Rect5 {\r\n\t\t\t  -webkit-animation-delay: -0.8s;\r\n\t\t\t  animation-delay: -0.8s;\r\n\t\t\t}\r\n\t\t\t@-webkit-keyframes rbs_gallery_69d508afedcc4-stretchdelay {\r\n\t\t\t  0%, 40%, 100% { -webkit-transform: scaleY(0.4) }  \r\n\t\t\t  20% { -webkit-transform: scaleY(1.0) }\r\n\t\t\t}\r\n\t\t\t@keyframes rbs_gallery_69d508afedcc4-stretchdelay {\r\n\t\t\t  0%, 40%, 100% { \r\n\t\t\t    transform: scaleY(0.4);\r\n\t\t\t    -webkit-transform: scaleY(0.4);\r\n\t\t\t  }  20% { \r\n\t\t\t    transform: scaleY(1.0);\r\n\t\t\t    -webkit-transform: scaleY(1.0);\r\n\t\t\t  }\r\n\t\t\t}\r\n\t\t<\/style><div id=\"robo-gallery-slider-wraprbs_gallery_69d508afedcc4\" class=\"robo-gallery-slider-wrap robo-gallery-slider-wrap-id106 robo-gallery-slider\"><div id=\"rbs_gallery_69d508afedcc4-block-loader\" class=\"rbs_gallery_69d508afedcc4Spinner\"><div class=\"rbs_gallery_69d508afedcc4Rect1\"><\/div> <div class=\"rbs_gallery_69d508afedcc4Rect2\"><\/div> <div class=\"rbs_gallery_69d508afedcc4Rect3\"><\/div> <div class=\"rbs_gallery_69d508afedcc4Rect4\"><\/div> <div class=\"rbs_gallery_69d508afedcc4Rect5\"><\/div><\/div><div id=\"robo-gallery-slider-block-rbs_gallery_69d508afedcc4\"  data-options=\"rbs_gallery_69d508afedcc4\" \r\n\t\t\t\t\tclass=\"swiper-container robo-gallery-slider-container robo-gallery-slider-106\" \r\n\t\t\t\t\tstyle=\"  display: none;\"\r\n\t\t\t\t\t\r\n\t\t\t\t><div id=\"rbs_gallery_69d508afedcc4\" class=\"swiper-wrapper robo-slider-gallery  \"><div class=\"swiper-slide  \" \r\n \t\t\t\t\tstyle=\"background-image:url('https:\/\/melic-creations.fr\/wp-content\/uploads\/2024\/11\/Capture-decran-2024-11-04-a-20.59.28.png');\" ><\/div><div class=\"swiper-slide  \" \r\n \t\t\t\t\tstyle=\"background-image:url('https:\/\/melic-creations.fr\/wp-content\/uploads\/2024\/11\/Capture-decran-2024-11-04-a-20.59.17.png');\" ><\/div><div class=\"swiper-slide  \" \r\n \t\t\t\t\tstyle=\"background-image:url('https:\/\/melic-creations.fr\/wp-content\/uploads\/2024\/11\/Capture-decran-2024-11-04-a-20.59.08.png');\" ><\/div><div class=\"swiper-slide  \" \r\n \t\t\t\t\tstyle=\"background-image:url('https:\/\/melic-creations.fr\/wp-content\/uploads\/2024\/11\/Capture-decran-2024-11-04-a-20.58.56.png');\" ><\/div><div class=\"swiper-slide  \" \r\n \t\t\t\t\tstyle=\"background-image:url('https:\/\/melic-creations.fr\/wp-content\/uploads\/2024\/11\/Capture-decran-2024-11-04-a-20.58.32.png');\" ><\/div><div class=\"swiper-slide  \" \r\n \t\t\t\t\tstyle=\"background-image:url('https:\/\/melic-creations.fr\/wp-content\/uploads\/2024\/11\/Capture-decran-2024-11-04-a-20.58.07.png');\" ><\/div><div class=\"swiper-slide  \" \r\n \t\t\t\t\tstyle=\"background-image:url('https:\/\/melic-creations.fr\/wp-content\/uploads\/2024\/11\/Capture-decran-2024-11-05-a-07.39.01.png');\" ><\/div><div class=\"swiper-slide  \" \r\n \t\t\t\t\tstyle=\"background-image:url('https:\/\/melic-creations.fr\/wp-content\/uploads\/2024\/11\/Capture-decran-2024-11-05-a-07.39.16.png');\" ><\/div><div class=\"swiper-slide  \" \r\n \t\t\t\t\tstyle=\"background-image:url('https:\/\/melic-creations.fr\/wp-content\/uploads\/2024\/11\/Capture-decran-2024-11-05-a-07.39.30.png');\" ><\/div><div class=\"swiper-slide  \" \r\n \t\t\t\t\tstyle=\"background-image:url('https:\/\/melic-creations.fr\/wp-content\/uploads\/2024\/11\/Capture-decran-2024-11-05-a-07.39.40.png');\" ><\/div><div class=\"swiper-slide  \" \r\n \t\t\t\t\tstyle=\"background-image:url('https:\/\/melic-creations.fr\/wp-content\/uploads\/2024\/11\/Capture-decran-2024-11-05-a-07.40.11.png');\" ><\/div><div class=\"swiper-slide  \" \r\n \t\t\t\t\tstyle=\"background-image:url('https:\/\/melic-creations.fr\/wp-content\/uploads\/2024\/11\/Capture-decran-2024-11-05-a-07.40.20.png');\" ><\/div><div class=\"swiper-slide  \" \r\n \t\t\t\t\tstyle=\"background-image:url('https:\/\/melic-creations.fr\/wp-content\/uploads\/2024\/11\/Capture-decran-2024-11-05-a-07.40.28.png');\" ><\/div><div class=\"swiper-slide  \" \r\n \t\t\t\t\tstyle=\"background-image:url('https:\/\/melic-creations.fr\/wp-content\/uploads\/2024\/11\/Capture-decran-2024-11-05-a-07.40.37.png');\" ><\/div><div class=\"swiper-slide  \" \r\n \t\t\t\t\tstyle=\"background-image:url('https:\/\/melic-creations.fr\/wp-content\/uploads\/2024\/11\/Capture-decran-2024-11-05-a-07.40.58.png');\" ><\/div><div class=\"swiper-slide  \" \r\n \t\t\t\t\tstyle=\"background-image:url('https:\/\/melic-creations.fr\/wp-content\/uploads\/2025\/11\/ChatGPT-Image-Nov-5-2025-09_20_50-PM.png');\" ><\/div><div class=\"swiper-slide  \" \r\n \t\t\t\t\tstyle=\"background-image:url('https:\/\/melic-creations.fr\/wp-content\/uploads\/2025\/06\/IMG_9102-scaled.jpg');\" ><\/div><div class=\"swiper-slide  \" \r\n \t\t\t\t\tstyle=\"background-image:url('https:\/\/melic-creations.fr\/wp-content\/uploads\/2024\/11\/Capture-decran-2024-11-05-a-07.39.58.png');\" ><\/div><\/div><div class=\"swiper-button-prev\"><\/div><div class=\"swiper-button-next\"><\/div><div class=\"swiper-scrollbar\"><\/div><div class=\"swiper-pagination\"><\/div><\/div><\/div><script>var rbs_gallery_69d508afedcc4 = {\"version\":\"5.1.1\",\"id\":106,\"class\":\"id106\",\"roboGalleryDelay\":1000,\"mainContainer\":\"#robo_gallery_main_block_rbs_gallery_69d508afedcc4\",\"loadingContainer\":\"#rbs_gallery_69d508afedcc4-block-loader\",\"loadingContainerObj\":\"rbs_gallery_69d508afedcc4-block-loader\",\"loop\":true,\"centeredSlides\":true,\"autoplay\":{\"delay\":3500,\"disableOnInteraction\":false},\"preloadImages\":true,\"updateOnImagesReady\":true,\"effect\":\"slide\",\"direction\":\"horizontal\",\"navigation\":{\"nextEl\":\".swiper-button-next\",\"prevEl\":\".swiper-button-prev\"},\"scrollbar\":{\"el\":\".swiper-scrollbar\",\"draggable\":true},\"pagination\":{\"el\":\".swiper-pagination\",\"type\":\"bullets\",\"clickable\":true,\"dynamicBullets\":true},\"wrapContainer\":\"#robo-gallery-wrap-rbs_gallery_69d508afedcc4\"};<\/script><\/strong><\/p><p><\/p>","protected":false},"excerpt":{"rendered":"<p>Bienvenue chez M\u00e9liC cr\u00e9ations , une marque artisanale situ\u00e9e dans les hauts de France \u00e0 Dunkerque. Cr\u00e9ations artisanales d\u00e9di\u00e9es \u00e0 la confection de sacs personnalisables et autres accessoires femmes et enfants . Chaque pi\u00e8ce , con\u00e7ue avec soin et passion , allie \u00e9l\u00e9gance , praticit\u00e9 et singularit\u00e9 pour r\u00e9pondre \u00e0 vos envies et sublimer votre [&hellip;]<\/p>\n","protected":false},"author":1,"featured_media":0,"parent":0,"menu_order":0,"comment_status":"closed","ping_status":"closed","template":"page-no-separators","meta":{"footnotes":""},"class_list":["post-91","page","type-page","status-publish","hentry"],"jetpack_sharing_enabled":true,"_links":{"self":[{"href":"https:\/\/melic-creations.fr\/index.php\/wp-json\/wp\/v2\/pages\/91","targetHints":{"allow":["GET"]}}],"collection":[{"href":"https:\/\/melic-creations.fr\/index.php\/wp-json\/wp\/v2\/pages"}],"about":[{"href":"https:\/\/melic-creations.fr\/index.php\/wp-json\/wp\/v2\/types\/page"}],"author":[{"embeddable":true,"href":"https:\/\/melic-creations.fr\/index.php\/wp-json\/wp\/v2\/users\/1"}],"replies":[{"embeddable":true,"href":"https:\/\/melic-creations.fr\/index.php\/wp-json\/wp\/v2\/comments?post=91"}],"version-history":[{"count":20,"href":"https:\/\/melic-creations.fr\/index.php\/wp-json\/wp\/v2\/pages\/91\/revisions"}],"predecessor-version":[{"id":769,"href":"https:\/\/melic-creations.fr\/index.php\/wp-json\/wp\/v2\/pages\/91\/revisions\/769"}],"wp:attachment":[{"href":"https:\/\/melic-creations.fr\/index.php\/wp-json\/wp\/v2\/media?parent=91"}],"curies":[{"name":"wp","href":"https:\/\/api.w.org\/{rel}","templated":true}]}}