{"id":435,"date":"2025-01-01T12:47:41","date_gmt":"2025-01-01T11:47:41","guid":{"rendered":"https:\/\/melic-creations.fr\/?page_id=435"},"modified":"2026-03-17T21:54:07","modified_gmt":"2026-03-17T20:54:07","slug":"la-boutique","status":"publish","type":"page","link":"https:\/\/melic-creations.fr\/index.php\/la-boutique\/","title":{"rendered":"La boutique"},"content":{"rendered":"<p class=\"has-text-align-center has-text-color has-background has-link-color wp-elements-3d212f37c62904838e25aefec8b1b574\" style=\"border-radius:5px;color:#5b5555;background-color:#f3caad;font-style:normal;font-weight:600\">D\u00e9lai de cr\u00e9ation : 4 \u00e0 5 semaines | D\u00e9lai d&rsquo;envoi des commandes : 1 semaine ouvr\u00e9e<\/p><div class=\"wp-block-group is-nowrap is-layout-flex wp-container-core-group-is-layout-6c531013 wp-block-group-is-layout-flex\"><div class=\"wp-block-columns is-layout-flex wp-container-core-columns-is-layout-28f84493 wp-block-columns-is-layout-flex\"><div class=\"wp-block-column is-vertically-aligned-center is-layout-flow wp-block-column-is-layout-flow\"><p class=\"has-text-align-center has-secondary-color has-text-color has-background has-link-color wp-elements-fcf5ccc408bf31fc85a561dc288ea21b\" style=\"background-color:#292b2c\"><a href=\"https:\/\/melic-creations.fr\/index.php\/accessoires\/\" data-type=\"page\" data-id=\"456\">Accessoires<\/a><\/p>\n\n<figure class=\"wp-block-image aligncenter size-large\"><a href=\"https:\/\/melic-creations.fr\/index.php\/accessoires\/\"><img loading=\"lazy\" decoding=\"async\" width=\"768\" height=\"1024\" src=\"http:\/\/melic-creations.fr\/wp-content\/uploads\/2025\/01\/PHOTO-2025-01-01-14-13-33-768x1024.jpg\" alt=\"\" class=\"wp-image-446\" srcset=\"https:\/\/melic-creations.fr\/wp-content\/uploads\/2025\/01\/PHOTO-2025-01-01-14-13-33-768x1024.jpg 768w, https:\/\/melic-creations.fr\/wp-content\/uploads\/2025\/01\/PHOTO-2025-01-01-14-13-33-225x300.jpg 225w, https:\/\/melic-creations.fr\/wp-content\/uploads\/2025\/01\/PHOTO-2025-01-01-14-13-33-1152x1536.jpg 1152w, https:\/\/melic-creations.fr\/wp-content\/uploads\/2025\/01\/PHOTO-2025-01-01-14-13-33-600x800.jpg 600w, https:\/\/melic-creations.fr\/wp-content\/uploads\/2025\/01\/PHOTO-2025-01-01-14-13-33.jpg 1536w\" sizes=\"auto, (max-width: 768px) 100vw, 768px\" \/><\/a><\/figure><\/div>\n\n<div class=\"wp-block-column is-layout-flow wp-block-column-is-layout-flow\"><p class=\"has-text-align-center has-secondary-color has-text-color has-background has-link-color wp-elements-d1da25cb3045a8f277904794c1ef65b9\" style=\"background-color:#292b2c\"><a href=\"https:\/\/melic-creations.fr\/index.php\/bananes\/\" data-type=\"page\" data-id=\"463\">Bananes<\/a><\/p>\n\n<figure class=\"wp-block-image aligncenter size-large\"><a href=\"https:\/\/melic-creations.fr\/index.php\/bananes\/\"><img loading=\"lazy\" decoding=\"async\" width=\"768\" height=\"1024\" src=\"https:\/\/melic-creations.fr\/wp-content\/uploads\/2026\/03\/PHOTO-2026-03-17-21-43-29-768x1024.jpg\" alt=\"\" class=\"wp-image-1237\" srcset=\"https:\/\/melic-creations.fr\/wp-content\/uploads\/2026\/03\/PHOTO-2026-03-17-21-43-29-768x1024.jpg 768w, https:\/\/melic-creations.fr\/wp-content\/uploads\/2026\/03\/PHOTO-2026-03-17-21-43-29-225x300.jpg 225w, https:\/\/melic-creations.fr\/wp-content\/uploads\/2026\/03\/PHOTO-2026-03-17-21-43-29-100x133.jpg 100w, https:\/\/melic-creations.fr\/wp-content\/uploads\/2026\/03\/PHOTO-2026-03-17-21-43-29-1152x1536.jpg 1152w, https:\/\/melic-creations.fr\/wp-content\/uploads\/2026\/03\/PHOTO-2026-03-17-21-43-29-600x800.jpg 600w, https:\/\/melic-creations.fr\/wp-content\/uploads\/2026\/03\/PHOTO-2026-03-17-21-43-29.jpg 1536w\" sizes=\"auto, (max-width: 768px) 100vw, 768px\" \/><\/a><\/figure><\/div><\/div><\/div><div class=\"wp-block-group is-nowrap is-layout-flex wp-container-core-group-is-layout-6c531013 wp-block-group-is-layout-flex\"><div class=\"wp-block-columns is-layout-flex wp-container-core-columns-is-layout-28f84493 wp-block-columns-is-layout-flex\"><div class=\"wp-block-column is-vertically-aligned-center is-layout-flow wp-block-column-is-layout-flow\"><p class=\"has-text-align-center has-secondary-color has-text-color has-background has-link-color wp-elements-c773edde4b5f1ad6d2bc5a2bb8454881\" style=\"background-color:#292b2c\"><a href=\"https:\/\/melic-creations.fr\/index.php\/sacs\/\">Sacs<\/a><\/p>\n\n<figure class=\"wp-block-image aligncenter size-large\"><img loading=\"lazy\" decoding=\"async\" width=\"768\" height=\"1024\" src=\"https:\/\/melic-creations.fr\/wp-content\/uploads\/2026\/03\/PHOTO-2026-03-15-17-20-07-768x1024.jpg\" alt=\"\" class=\"wp-image-1232\" srcset=\"https:\/\/melic-creations.fr\/wp-content\/uploads\/2026\/03\/PHOTO-2026-03-15-17-20-07-768x1024.jpg 768w, https:\/\/melic-creations.fr\/wp-content\/uploads\/2026\/03\/PHOTO-2026-03-15-17-20-07-225x300.jpg 225w, https:\/\/melic-creations.fr\/wp-content\/uploads\/2026\/03\/PHOTO-2026-03-15-17-20-07-100x133.jpg 100w, https:\/\/melic-creations.fr\/wp-content\/uploads\/2026\/03\/PHOTO-2026-03-15-17-20-07-1152x1536.jpg 1152w, https:\/\/melic-creations.fr\/wp-content\/uploads\/2026\/03\/PHOTO-2026-03-15-17-20-07-600x800.jpg 600w, https:\/\/melic-creations.fr\/wp-content\/uploads\/2026\/03\/PHOTO-2026-03-15-17-20-07.jpg 1536w\" sizes=\"auto, (max-width: 768px) 100vw, 768px\" \/><\/figure><\/div>\n\n<div class=\"wp-block-column is-layout-flow wp-block-column-is-layout-flow\"><p class=\"has-text-align-center has-secondary-color has-text-color has-background has-link-color wp-elements-89bbe202e6f1a745d01d5698f52326fe\" style=\"background-color:#292b2c\"><a href=\"https:\/\/melic-creations.fr\/index.php\/categorie-produit\/carte-cadeau\/\">Bons cadeaux<\/a><\/p>\n\n<figure class=\"wp-block-image aligncenter size-large\"><a href=\"https:\/\/melic-creations.fr\/index.php\/categorie-produit\/carte-cadeau\/\"><img loading=\"lazy\" decoding=\"async\" width=\"1024\" height=\"334\" src=\"http:\/\/melic-creations.fr\/wp-content\/uploads\/2025\/12\/IMG_5677-1024x334.jpg\" alt=\"\" class=\"wp-image-1153\" srcset=\"https:\/\/melic-creations.fr\/wp-content\/uploads\/2025\/12\/IMG_5677-1024x334.jpg 1024w, https:\/\/melic-creations.fr\/wp-content\/uploads\/2025\/12\/IMG_5677-300x98.jpg 300w, https:\/\/melic-creations.fr\/wp-content\/uploads\/2025\/12\/IMG_5677-768x250.jpg 768w, https:\/\/melic-creations.fr\/wp-content\/uploads\/2025\/12\/IMG_5677-600x195.jpg 600w, https:\/\/melic-creations.fr\/wp-content\/uploads\/2025\/12\/IMG_5677.jpg 1179w\" sizes=\"auto, (max-width: 1024px) 100vw, 1024px\" \/><\/a><\/figure><\/div><\/div><\/div>","protected":false},"excerpt":{"rendered":"<p>D\u00e9lai de cr\u00e9ation : 4 \u00e0 5 semaines | D\u00e9lai d&rsquo;envoi des commandes : 1 semaine ouvr\u00e9e Accessoires Bananes Sacs Bons cadeaux<\/p>\n","protected":false},"author":1,"featured_media":0,"parent":0,"menu_order":0,"comment_status":"closed","ping_status":"closed","template":"","meta":{"footnotes":""},"class_list":["post-435","page","type-page","status-publish","hentry"],"jetpack_sharing_enabled":true,"_links":{"self":[{"href":"https:\/\/melic-creations.fr\/index.php\/wp-json\/wp\/v2\/pages\/435","targetHints":{"allow":["GET"]}}],"collection":[{"href":"https:\/\/melic-creations.fr\/index.php\/wp-json\/wp\/v2\/pages"}],"about":[{"href":"https:\/\/melic-creations.fr\/index.php\/wp-json\/wp\/v2\/types\/page"}],"author":[{"embeddable":true,"href":"https:\/\/melic-creations.fr\/index.php\/wp-json\/wp\/v2\/users\/1"}],"replies":[{"embeddable":true,"href":"https:\/\/melic-creations.fr\/index.php\/wp-json\/wp\/v2\/comments?post=435"}],"version-history":[{"count":28,"href":"https:\/\/melic-creations.fr\/index.php\/wp-json\/wp\/v2\/pages\/435\/revisions"}],"predecessor-version":[{"id":1240,"href":"https:\/\/melic-creations.fr\/index.php\/wp-json\/wp\/v2\/pages\/435\/revisions\/1240"}],"wp:attachment":[{"href":"https:\/\/melic-creations.fr\/index.php\/wp-json\/wp\/v2\/media?parent=435"}],"curies":[{"name":"wp","href":"https:\/\/api.w.org\/{rel}","templated":true}]}}