{"id":174,"date":"2024-11-05T09:44:04","date_gmt":"2024-11-05T08:44:04","guid":{"rendered":"https:\/\/melic-creations.fr\/?page_id=174"},"modified":"2024-11-14T10:31:26","modified_gmt":"2024-11-14T09:31:26","slug":"lentreprise","status":"publish","type":"page","link":"https:\/\/melic-creations.fr\/index.php\/lentreprise\/","title":{"rendered":"L&rsquo;entreprise"},"content":{"rendered":"<div class=\"wp-block-columns is-layout-flex wp-container-core-columns-is-layout-28f84493 wp-block-columns-is-layout-flex\"><div class=\"wp-block-column is-layout-constrained wp-block-column-is-layout-constrained\"><figure class=\"wp-block-image size-large is-resized\"><img loading=\"lazy\" decoding=\"async\" width=\"576\" height=\"1024\" src=\"https:\/\/melic-creations.fr\/wp-content\/uploads\/2024\/11\/PHOTO-2024-11-05-11-29-55-576x1024.jpg\" alt=\"\" class=\"wp-image-201\" style=\"width:264px;height:auto\" srcset=\"https:\/\/melic-creations.fr\/wp-content\/uploads\/2024\/11\/PHOTO-2024-11-05-11-29-55-576x1024.jpg 576w, https:\/\/melic-creations.fr\/wp-content\/uploads\/2024\/11\/PHOTO-2024-11-05-11-29-55-169x300.jpg 169w, https:\/\/melic-creations.fr\/wp-content\/uploads\/2024\/11\/PHOTO-2024-11-05-11-29-55-768x1365.jpg 768w, https:\/\/melic-creations.fr\/wp-content\/uploads\/2024\/11\/PHOTO-2024-11-05-11-29-55-864x1536.jpg 864w, https:\/\/melic-creations.fr\/wp-content\/uploads\/2024\/11\/PHOTO-2024-11-05-11-29-55-600x1067.jpg 600w, https:\/\/melic-creations.fr\/wp-content\/uploads\/2024\/11\/PHOTO-2024-11-05-11-29-55.jpg 1152w\" sizes=\"auto, (max-width: 576px) 100vw, 576px\" \/><\/figure><\/div>\n\n<div class=\"wp-block-column is-layout-flow wp-block-column-is-layout-flow\"><p class=\"has-text-align-left has-small-font-size\">Petite pr\u00e9sentation, Melina, cr\u00e9atrice couture<br>J\u2019ai cr\u00e9\u00e9 MeliC Cr\u00e9ations sur Dunkerque en 2023 et c\u2019est un peu comme mon troisi\u00e8me enfant !<\/p>\n\n<p class=\"has-text-align-left has-small-font-size\">Infirmi\u00e8re de formation, j\u2019ai eu envie de partager ma passion pour la cr\u00e9ation artisanale. Sp\u00e9cialis\u00e9e dans la confection de sacs banane sur mesure(mais pas que \u2026 )<br>je propose des pi\u00e8ces uniques et personnalis\u00e9es, con\u00e7ues selon les pr\u00e9f\u00e9rences de chaque client.<br>J\u2019apporte une attention particuli\u00e8re aux d\u00e9tails et aux mat\u00e9riaux pour faire de chaque cr\u00e9ation , une cr\u00e9ation unique<\/p>\n\n<p class=\"has-text-align-left has-small-font-size\">N h\u00e9sitez pas \u00e0 me contacter si vous souhaitez des informations<\/p><\/div><\/div><p><\/p>","protected":false},"excerpt":{"rendered":"<p>Petite pr\u00e9sentation, Melina, cr\u00e9atrice coutureJ\u2019ai cr\u00e9\u00e9 MeliC Cr\u00e9ations sur Dunkerque en 2023 et c\u2019est un peu comme mon troisi\u00e8me enfant ! Infirmi\u00e8re de formation, j\u2019ai eu envie de partager ma passion pour la cr\u00e9ation artisanale. Sp\u00e9cialis\u00e9e dans la confection de sacs banane sur mesure(mais pas que \u2026 )je propose des pi\u00e8ces uniques et personnalis\u00e9es, con\u00e7ues [&hellip;]<\/p>\n","protected":false},"author":1,"featured_media":0,"parent":0,"menu_order":0,"comment_status":"closed","ping_status":"closed","template":"","meta":{"footnotes":""},"class_list":["post-174","page","type-page","status-publish","hentry"],"jetpack_sharing_enabled":true,"_links":{"self":[{"href":"https:\/\/melic-creations.fr\/index.php\/wp-json\/wp\/v2\/pages\/174","targetHints":{"allow":["GET"]}}],"collection":[{"href":"https:\/\/melic-creations.fr\/index.php\/wp-json\/wp\/v2\/pages"}],"about":[{"href":"https:\/\/melic-creations.fr\/index.php\/wp-json\/wp\/v2\/types\/page"}],"author":[{"embeddable":true,"href":"https:\/\/melic-creations.fr\/index.php\/wp-json\/wp\/v2\/users\/1"}],"replies":[{"embeddable":true,"href":"https:\/\/melic-creations.fr\/index.php\/wp-json\/wp\/v2\/comments?post=174"}],"version-history":[{"count":8,"href":"https:\/\/melic-creations.fr\/index.php\/wp-json\/wp\/v2\/pages\/174\/revisions"}],"predecessor-version":[{"id":379,"href":"https:\/\/melic-creations.fr\/index.php\/wp-json\/wp\/v2\/pages\/174\/revisions\/379"}],"wp:attachment":[{"href":"https:\/\/melic-creations.fr\/index.php\/wp-json\/wp\/v2\/media?parent=174"}],"curies":[{"name":"wp","href":"https:\/\/api.w.org\/{rel}","templated":true}]}}